{"id":396,"date":"2025-07-16T04:58:32","date_gmt":"2025-07-16T04:58:32","guid":{"rendered":"https:\/\/bestmedcenter.com\/?page_id=396"},"modified":"2025-08-04T16:25:38","modified_gmt":"2025-08-04T16:25:38","slug":"privacy-policy","status":"publish","type":"page","link":"http:\/\/bestmedcenter.com\/es\/privacy-policy\/","title":{"rendered":"Politica Privacidad"},"content":{"rendered":"<figure class=\"wp-block-image alignfull size-large\"><img loading=\"lazy\" decoding=\"async\" width=\"1024\" height=\"683\" src=\"https:\/\/bestmedcenter.com\/wp-content\/uploads\/2025\/08\/privacy-policy3-1024x683.jpg\" alt=\"\" class=\"wp-image-761\" srcset=\"https:\/\/bestmedcenter.com\/wp-content\/uploads\/2025\/08\/privacy-policy3-1024x683.jpg 1024w, https:\/\/bestmedcenter.com\/wp-content\/uploads\/2025\/08\/privacy-policy3-300x200.jpg 300w, https:\/\/bestmedcenter.com\/wp-content\/uploads\/2025\/08\/privacy-policy3-768x512.jpg 768w, https:\/\/bestmedcenter.com\/wp-content\/uploads\/2025\/08\/privacy-policy3-18x12.jpg 18w, https:\/\/bestmedcenter.com\/wp-content\/uploads\/2025\/08\/privacy-policy3-930x620.jpg 930w, https:\/\/bestmedcenter.com\/wp-content\/uploads\/2025\/08\/privacy-policy3-500x333.jpg 500w, https:\/\/bestmedcenter.com\/wp-content\/uploads\/2025\/08\/privacy-policy3-800x533.jpg 800w, https:\/\/bestmedcenter.com\/wp-content\/uploads\/2025\/08\/privacy-policy3-1280x853.jpg 1280w, https:\/\/bestmedcenter.com\/wp-content\/uploads\/2025\/08\/privacy-policy3.jpg 1536w\" sizes=\"auto, (max-width: 1024px) 100vw, 1024px\" \/><\/figure>\n\n\n\n<p><\/p>\n\n\n\n<h2 class=\"wp-block-heading\">Pol\u00edtica de Privacidad\u2013 Best Medical Center<\/h2>\n\n\n\n<div class=\"wp-block-group\"><div class=\"wp-block-group__inner-container is-layout-constrained wp-block-group-is-layout-constrained\">\n<div class=\"wp-block-group\"><div class=\"wp-block-group__inner-container is-layout-constrained wp-block-group-is-layout-constrained\">\n<div class=\"wp-block-columns is-layout-flex wp-container-core-columns-is-layout-9d6595d7 wp-block-columns-is-layout-flex\">\n<div class=\"wp-block-column is-layout-flow wp-block-column-is-layout-flow\" style=\"flex-basis:100%\">\n<p>Ultima modificacion <span id=\"fecha-hoy\"><\/span><\/p>\n<script>\n  const hoy = new Date();\n  const opciones = { day: '2-digit', month: '2-digit', year: 'numeric' };\n  document.getElementById(\"fecha-hoy\").textContent = hoy.toLocaleDateString('es-ES', opciones);\n<\/script>\n<\/div>\n<\/div>\n<\/div><\/div>\n<\/div><\/div>\n\n\n\n<p>Mensajes SMS y de texto<\/p>\n\n\n\n<p>By providing your mobile number and opting in, you acknowledge and consent to receiving automated SMS messages from Best Medical Center, which may include appointment reminders, test results, billing notifications, and optional promotional health or wellness information.<\/p>\n\n\n\n<p>Respetamos su privacidad y estamos comprometidos a proteger sus datos. Por ello:<\/p>\n\n\n\n<p>Todas las categor\u00edas anteriores excluyen los datos de opt-in (aceptaci\u00f3n) y consentimiento del originador de los mensajes SMS; esta informaci\u00f3n no ser\u00e1 compartida con terceros.<\/p>\n\n\n\n<p>No compartiremos su participaci\u00f3n en una campa\u00f1a de SMS con terceros para fines no relacionados con brindarle los servicios de dicha campa\u00f1a.<\/p>\n\n\n\n<p>Podemos compartir sus Datos Personales, incluyendo su estado de consentimiento para SMS, con terceros que nos ayuden a proporcionar nuestros servicios de mensajer\u00eda, incluidos pero no limitados a proveedores de plataforma, operadores m\u00f3viles y empresas que colaboran en la entrega de estos mensajes.<\/p>\n\n\n\n<p>En cumplimiento con las regulaciones de la FCC y la TCPA:<\/p>\n\n\n\n<p>Marketing Messages (e.g., wellness campaigns, promotional services) will only be sent with your prior express written consent. This consent is clearly obtained through an affirmative act (such as checking a box or signing a form) that is not a condition of receiving treatment or other services.<\/p>\n\n\n\n<p>Mensajes informativos o relacionados con el cuidado de la salud \u2014como recordatorios de citas, recetas o resultados de laboratorio\u2014 pueden enviarse en base a un consentimiento impl\u00edcito cuando usted proporciona su n\u00famero de tel\u00e9fono m\u00f3vil como parte de su registro como paciente.<\/p>\n\n\n\n<p>Puede optar por no recibir m\u00e1s mensajes en cualquier momento:<\/p>\n\n\n\n<p>Respondiendo \u201cSTOP\u201d a cualquier SMS;<\/p>\n\n\n\n<p>Contact\u00e1ndonos por tel\u00e9fono, correo electr\u00f3nico o mediante su portal del paciente;<\/p>\n\n\n\n<p>Realizando una solicitud verbal para revocar el consentimiento.<\/p>\n\n\n\n<p>Procesaremos su solicitud de exclusi\u00f3n lo antes posible, t\u00edpicamente dentro de 10 d\u00edas h\u00e1biles, y recibir\u00e1 un \u00fanico mensaje de confirmaci\u00f3n que verificar\u00e1 su eliminaci\u00f3n. No se enviar\u00e1n m\u00e1s mensajes despu\u00e9s de esta confirmaci\u00f3n, a menos que usted vuelva a participar.<\/p>\n\n\n\n<p>Los mensajes de texto se env\u00edan \u00fanicamente durante horarios apropiados\u2014entre las 8:00 a.m. y las 9:00 p.m. hora local\u2014y no se env\u00edan a n\u00fameros listados en el Registro Nacional de No Llamar, excepto en comunicaciones de atenci\u00f3n m\u00e9dica que no son de marketing.<\/p>\n\n\n\n<p>Todos los datos se almacenan de manera segura y se protegen conforme a las pr\u00e1cticas establecidas por HIPAA y los Principios de Pr\u00e1cticas Justas de Informaci\u00f3n de la FTC. Mantenemos registros de su consentimiento y estado de exclusi\u00f3n por requisitos regulatorios y no vendemos ni usamos sus datos personales para fines no relacionados.<\/p>\n\n\n\n<p><\/p>","protected":false},"excerpt":{"rendered":"<p>Privacy Policy \u2013 Best Medical Center Last Updated: SMS &amp; Text Messaging By providing your mobile number and opting in, you acknowledge and consent to receiving automated SMS messages from Best Medical Center, which may include appointment reminders, test results, billing notifications, and optional promotional health or wellness information. We respect your privacy and are&hellip;&nbsp;<a href=\"http:\/\/bestmedcenter.com\/es\/privacy-policy\/\" rel=\"bookmark\"><span class=\"screen-reader-text\">Politica Privacidad<\/span><\/a><\/p>","protected":false},"author":1,"featured_media":0,"parent":0,"menu_order":0,"comment_status":"closed","ping_status":"closed","template":"","meta":{"neve_meta_sidebar":"","neve_meta_container":"","neve_meta_enable_content_width":"","neve_meta_content_width":0,"neve_meta_title_alignment":"","neve_meta_author_avatar":"","neve_post_elements_order":"","neve_meta_disable_header":"","neve_meta_disable_footer":"","neve_meta_disable_title":"","_themeisle_gutenberg_block_has_review":false,"_glsr_average":0,"_glsr_ranking":0,"_glsr_reviews":0,"footnotes":""},"class_list":["post-396","page","type-page","status-publish","hentry"],"yoast_head":"<!-- This site is optimized with the Yoast SEO plugin v26.8 - https:\/\/yoast.com\/product\/yoast-seo-wordpress\/ -->\n<title>Privacy Policy - Best Medical Center<\/title>\n<meta name=\"robots\" content=\"index, follow, max-snippet:-1, max-image-preview:large, max-video-preview:-1\" \/>\n<link rel=\"canonical\" href=\"https:\/\/bestmedcenter.com\/es\/privacy-policy\/\" \/>\n<meta property=\"og:locale\" content=\"es_ES\" \/>\n<meta property=\"og:type\" content=\"article\" \/>\n<meta property=\"og:title\" content=\"Privacy Policy - Best Medical Center\" \/>\n<meta property=\"og:description\" content=\"Privacy Policy \u2013 Best Medical Center Last Updated: SMS &amp; Text Messaging By providing your mobile number and opting in, you acknowledge and consent to receiving automated SMS messages from Best Medical Center, which may include appointment reminders, test results, billing notifications, and optional promotional health or wellness information. We respect your privacy and are&hellip;&nbsp;Privacy Policy\" \/>\n<meta property=\"og:url\" content=\"https:\/\/bestmedcenter.com\/es\/privacy-policy\/\" \/>\n<meta property=\"og:site_name\" content=\"Best Medical Center\" \/>\n<meta property=\"article:modified_time\" content=\"2025-08-04T16:25:38+00:00\" \/>\n<meta property=\"og:image\" content=\"https:\/\/bestmedcenter.com\/wp-content\/uploads\/2025\/08\/privacy-policy3.jpg\" \/>\n\t<meta property=\"og:image:width\" content=\"1536\" \/>\n\t<meta property=\"og:image:height\" content=\"1024\" \/>\n\t<meta property=\"og:image:type\" content=\"image\/jpeg\" \/>\n<meta name=\"twitter:card\" content=\"summary_large_image\" \/>\n<meta name=\"twitter:label1\" content=\"Tiempo de lectura\" \/>\n\t<meta name=\"twitter:data1\" content=\"2 minutos\" \/>\n<script type=\"application\/ld+json\" class=\"yoast-schema-graph\">{\"@context\":\"https:\/\/schema.org\",\"@graph\":[{\"@type\":\"WebPage\",\"@id\":\"https:\/\/bestmedcenter.com\/privacy-policy\/\",\"url\":\"https:\/\/bestmedcenter.com\/privacy-policy\/\",\"name\":\"Privacy Policy - Best Medical Center\",\"isPartOf\":{\"@id\":\"https:\/\/bestmedcenter.com\/#website\"},\"primaryImageOfPage\":{\"@id\":\"https:\/\/bestmedcenter.com\/privacy-policy\/#primaryimage\"},\"image\":{\"@id\":\"https:\/\/bestmedcenter.com\/privacy-policy\/#primaryimage\"},\"thumbnailUrl\":\"https:\/\/bestmedcenter.com\/wp-content\/uploads\/2025\/08\/privacy-policy3-1024x683.jpg\",\"datePublished\":\"2025-07-16T04:58:32+00:00\",\"dateModified\":\"2025-08-04T16:25:38+00:00\",\"breadcrumb\":{\"@id\":\"https:\/\/bestmedcenter.com\/privacy-policy\/#breadcrumb\"},\"inLanguage\":\"es\",\"potentialAction\":[{\"@type\":\"ReadAction\",\"target\":[\"https:\/\/bestmedcenter.com\/privacy-policy\/\"]}]},{\"@type\":\"ImageObject\",\"inLanguage\":\"es\",\"@id\":\"https:\/\/bestmedcenter.com\/privacy-policy\/#primaryimage\",\"url\":\"https:\/\/bestmedcenter.com\/wp-content\/uploads\/2025\/08\/privacy-policy3-1024x683.jpg\",\"contentUrl\":\"https:\/\/bestmedcenter.com\/wp-content\/uploads\/2025\/08\/privacy-policy3-1024x683.jpg\"},{\"@type\":\"BreadcrumbList\",\"@id\":\"https:\/\/bestmedcenter.com\/privacy-policy\/#breadcrumb\",\"itemListElement\":[{\"@type\":\"ListItem\",\"position\":1,\"name\":\"Home\",\"item\":\"https:\/\/bestmedcenter.com\/\"},{\"@type\":\"ListItem\",\"position\":2,\"name\":\"Privacy Policy\"}]},{\"@type\":\"WebSite\",\"@id\":\"https:\/\/bestmedcenter.com\/#website\",\"url\":\"https:\/\/bestmedcenter.com\/\",\"name\":\"Best Medical Center\",\"description\":\"\",\"potentialAction\":[{\"@type\":\"SearchAction\",\"target\":{\"@type\":\"EntryPoint\",\"urlTemplate\":\"https:\/\/bestmedcenter.com\/?s={search_term_string}\"},\"query-input\":{\"@type\":\"PropertyValueSpecification\",\"valueRequired\":true,\"valueName\":\"search_term_string\"}}],\"inLanguage\":\"es\"}]}<\/script>\n<!-- \/ Yoast SEO plugin. -->","yoast_head_json":{"title":"Privacy Policy - Best Medical Center","robots":{"index":"index","follow":"follow","max-snippet":"max-snippet:-1","max-image-preview":"max-image-preview:large","max-video-preview":"max-video-preview:-1"},"canonical":"https:\/\/bestmedcenter.com\/es\/privacy-policy\/","og_locale":"es_ES","og_type":"article","og_title":"Privacy Policy - Best Medical Center","og_description":"Privacy Policy \u2013 Best Medical Center Last Updated: SMS &amp; Text Messaging By providing your mobile number and opting in, you acknowledge and consent to receiving automated SMS messages from Best Medical Center, which may include appointment reminders, test results, billing notifications, and optional promotional health or wellness information. We respect your privacy and are&hellip;&nbsp;Privacy Policy","og_url":"https:\/\/bestmedcenter.com\/es\/privacy-policy\/","og_site_name":"Best Medical Center","article_modified_time":"2025-08-04T16:25:38+00:00","og_image":[{"width":1536,"height":1024,"url":"https:\/\/bestmedcenter.com\/wp-content\/uploads\/2025\/08\/privacy-policy3.jpg","type":"image\/jpeg"}],"twitter_card":"summary_large_image","twitter_misc":{"Tiempo de lectura":"2 minutos"},"schema":{"@context":"https:\/\/schema.org","@graph":[{"@type":"WebPage","@id":"https:\/\/bestmedcenter.com\/privacy-policy\/","url":"https:\/\/bestmedcenter.com\/privacy-policy\/","name":"Privacy Policy - Best Medical Center","isPartOf":{"@id":"https:\/\/bestmedcenter.com\/#website"},"primaryImageOfPage":{"@id":"https:\/\/bestmedcenter.com\/privacy-policy\/#primaryimage"},"image":{"@id":"https:\/\/bestmedcenter.com\/privacy-policy\/#primaryimage"},"thumbnailUrl":"https:\/\/bestmedcenter.com\/wp-content\/uploads\/2025\/08\/privacy-policy3-1024x683.jpg","datePublished":"2025-07-16T04:58:32+00:00","dateModified":"2025-08-04T16:25:38+00:00","breadcrumb":{"@id":"https:\/\/bestmedcenter.com\/privacy-policy\/#breadcrumb"},"inLanguage":"es","potentialAction":[{"@type":"ReadAction","target":["https:\/\/bestmedcenter.com\/privacy-policy\/"]}]},{"@type":"ImageObject","inLanguage":"es","@id":"https:\/\/bestmedcenter.com\/privacy-policy\/#primaryimage","url":"https:\/\/bestmedcenter.com\/wp-content\/uploads\/2025\/08\/privacy-policy3-1024x683.jpg","contentUrl":"https:\/\/bestmedcenter.com\/wp-content\/uploads\/2025\/08\/privacy-policy3-1024x683.jpg"},{"@type":"BreadcrumbList","@id":"https:\/\/bestmedcenter.com\/privacy-policy\/#breadcrumb","itemListElement":[{"@type":"ListItem","position":1,"name":"Home","item":"https:\/\/bestmedcenter.com\/"},{"@type":"ListItem","position":2,"name":"Privacy Policy"}]},{"@type":"WebSite","@id":"https:\/\/bestmedcenter.com\/#website","url":"https:\/\/bestmedcenter.com\/","name":"Best Medical Center","description":"","potentialAction":[{"@type":"SearchAction","target":{"@type":"EntryPoint","urlTemplate":"https:\/\/bestmedcenter.com\/?s={search_term_string}"},"query-input":{"@type":"PropertyValueSpecification","valueRequired":true,"valueName":"search_term_string"}}],"inLanguage":"es"}]}},"_links":{"self":[{"href":"http:\/\/bestmedcenter.com\/es\/wp-json\/wp\/v2\/pages\/396","targetHints":{"allow":["GET"]}}],"collection":[{"href":"http:\/\/bestmedcenter.com\/es\/wp-json\/wp\/v2\/pages"}],"about":[{"href":"http:\/\/bestmedcenter.com\/es\/wp-json\/wp\/v2\/types\/page"}],"author":[{"embeddable":true,"href":"http:\/\/bestmedcenter.com\/es\/wp-json\/wp\/v2\/users\/1"}],"replies":[{"embeddable":true,"href":"http:\/\/bestmedcenter.com\/es\/wp-json\/wp\/v2\/comments?post=396"}],"version-history":[{"count":19,"href":"http:\/\/bestmedcenter.com\/es\/wp-json\/wp\/v2\/pages\/396\/revisions"}],"predecessor-version":[{"id":770,"href":"http:\/\/bestmedcenter.com\/es\/wp-json\/wp\/v2\/pages\/396\/revisions\/770"}],"wp:attachment":[{"href":"http:\/\/bestmedcenter.com\/es\/wp-json\/wp\/v2\/media?parent=396"}],"curies":[{"name":"wp","href":"https:\/\/api.w.org\/{rel}","templated":true}]}}