{"id":723,"date":"2025-07-28T22:42:57","date_gmt":"2025-07-28T22:42:57","guid":{"rendered":"https:\/\/bestmedcenter.com\/?page_id=723"},"modified":"2025-09-03T02:25:08","modified_gmt":"2025-09-03T02:25:08","slug":"terms-and-services","status":"publish","type":"page","link":"http:\/\/bestmedcenter.com\/es\/terms-and-services\/","title":{"rendered":"T\u00e9rminos de Servicio"},"content":{"rendered":"<div class=\"wp-block-image\">\n<figure class=\"aligncenter size-full\"><img loading=\"lazy\" decoding=\"async\" width=\"1536\" height=\"1024\" src=\"https:\/\/bestmedcenter.com\/wp-content\/uploads\/2025\/08\/term-and-service1.jpg\" alt=\"\" class=\"wp-image-768\" srcset=\"https:\/\/bestmedcenter.com\/wp-content\/uploads\/2025\/08\/term-and-service1.jpg 1536w, https:\/\/bestmedcenter.com\/wp-content\/uploads\/2025\/08\/term-and-service1-300x200.jpg 300w, https:\/\/bestmedcenter.com\/wp-content\/uploads\/2025\/08\/term-and-service1-1024x683.jpg 1024w, https:\/\/bestmedcenter.com\/wp-content\/uploads\/2025\/08\/term-and-service1-768x512.jpg 768w, https:\/\/bestmedcenter.com\/wp-content\/uploads\/2025\/08\/term-and-service1-18x12.jpg 18w, https:\/\/bestmedcenter.com\/wp-content\/uploads\/2025\/08\/term-and-service1-930x620.jpg 930w, https:\/\/bestmedcenter.com\/wp-content\/uploads\/2025\/08\/term-and-service1-500x333.jpg 500w, https:\/\/bestmedcenter.com\/wp-content\/uploads\/2025\/08\/term-and-service1-800x533.jpg 800w, https:\/\/bestmedcenter.com\/wp-content\/uploads\/2025\/08\/term-and-service1-1280x853.jpg 1280w\" sizes=\"auto, (max-width: 1536px) 100vw, 1536px\" \/><\/figure>\n<\/div>\n\n\n<h2 class=\"wp-block-heading\">T\u00e9rminos de Servicio<\/h2>\n\n\n\n<p>Actualizaci\u00f3n de los T\u00e9rminos de Servicio<\/p>\n\n\n\n<p>&nbsp; &nbsp; &nbsp; &nbsp; Los siguientes elementos sobre programas de mensajer\u00eda SMS deben incluirse en los t\u00e9rminos y condiciones:<\/p>\n\n\n\n<ul class=\"wp-block-list\">\n<li>Nombre de la marca<\/li>\n\n\n\n<li>Puede comunicarse con nosotros por tel\u00e9fono al 305-826-5887, por correo electr\u00f3nico a support@bestmedcenter.com, o por correo postal a la direcci\u00f3n: 928 SW 82nd Ave, Miami, FL 33144<\/li>\n\n\n\n<li>\u201cAdvertencia: Pueden aplicarse tarifas por mensajes y datos. (no requerido para programas con tarificaci\u00f3n FTEU)\u201c<\/li>\n<\/ul>\n\n\n\n<p>2. Our Commitment to You:<\/p>\n\n\n\n<p>Si decidimos enviarte mensajes de texto, nos comprometemos con lo siguiente:<\/p>\n\n\n\n<p>Frecuencia limitada: Enviaremos un m\u00e1ximo de diez (10) mensajes de texto por mes.<\/p>\n\n\n\n<p>Tu control: Tienes total control sobre la recepci\u00f3n de estos mensajes.<\/p>\n\n\n\n<p>Para dejar de recibir mensajes, simplemente responde con la palabra STOP.<\/p>\n\n\n\n<p>Para obtener ayuda o informaci\u00f3n, responde con HELP.<\/p>\n\n\n\n<p>Aplicaci\u00f3n de tarifas est\u00e1ndar: Ten en cuenta que pueden aplicarse tarifas por mensajes y datos seg\u00fan tu operador m\u00f3vil y tu plan.<\/p>","protected":false},"excerpt":{"rendered":"<p>Terms and Services Terms of Service update &nbsp; &nbsp; &nbsp; &nbsp; i. The following SMS program disclosures must be included within the terms and conditions. 2. Our Commitment to You: Should we choose to send you a text message, we commit to the following: Limited Frequency: We will send no more than four (10) text&hellip;&nbsp;<a href=\"http:\/\/bestmedcenter.com\/es\/terms-and-services\/\" rel=\"bookmark\"><span class=\"screen-reader-text\">T\u00e9rminos de Servicio<\/span><\/a><\/p>","protected":false},"author":1,"featured_media":0,"parent":0,"menu_order":0,"comment_status":"closed","ping_status":"closed","template":"","meta":{"neve_meta_sidebar":"","neve_meta_container":"","neve_meta_enable_content_width":"","neve_meta_content_width":0,"neve_meta_title_alignment":"","neve_meta_author_avatar":"","neve_post_elements_order":"","neve_meta_disable_header":"","neve_meta_disable_footer":"","neve_meta_disable_title":"","_themeisle_gutenberg_block_has_review":false,"_glsr_average":0,"_glsr_ranking":0,"_glsr_reviews":0,"footnotes":""},"class_list":["post-723","page","type-page","status-publish","hentry"],"yoast_head":"<!-- This site is optimized with the Yoast SEO plugin v26.8 - https:\/\/yoast.com\/product\/yoast-seo-wordpress\/ -->\n<title>Terms and Services - Best Medical Center<\/title>\n<meta name=\"robots\" content=\"index, follow, max-snippet:-1, max-image-preview:large, max-video-preview:-1\" \/>\n<link rel=\"canonical\" href=\"https:\/\/bestmedcenter.com\/es\/terms-and-services\/\" \/>\n<meta property=\"og:locale\" content=\"es_ES\" \/>\n<meta property=\"og:type\" content=\"article\" \/>\n<meta property=\"og:title\" content=\"Terms and Services - Best Medical Center\" \/>\n<meta property=\"og:description\" content=\"Terms and Services Terms of Service update &nbsp; &nbsp; &nbsp; &nbsp; i. The following SMS program disclosures must be included within the terms and conditions. 2. Our Commitment to You: Should we choose to send you a text message, we commit to the following: Limited Frequency: We will send no more than four (10) text&hellip;&nbsp;Terms and Services\" \/>\n<meta property=\"og:url\" content=\"https:\/\/bestmedcenter.com\/es\/terms-and-services\/\" \/>\n<meta property=\"og:site_name\" content=\"Best Medical Center\" \/>\n<meta property=\"article:modified_time\" content=\"2025-09-03T02:25:08+00:00\" \/>\n<meta property=\"og:image\" content=\"https:\/\/bestmedcenter.com\/wp-content\/uploads\/2025\/08\/term-and-service1.jpg\" \/>\n\t<meta property=\"og:image:width\" content=\"1536\" \/>\n\t<meta property=\"og:image:height\" content=\"1024\" \/>\n\t<meta property=\"og:image:type\" content=\"image\/jpeg\" \/>\n<meta name=\"twitter:card\" content=\"summary_large_image\" \/>\n<meta name=\"twitter:label1\" content=\"Tiempo de lectura\" \/>\n\t<meta name=\"twitter:data1\" content=\"1 minuto\" \/>\n<script type=\"application\/ld+json\" class=\"yoast-schema-graph\">{\"@context\":\"https:\/\/schema.org\",\"@graph\":[{\"@type\":\"WebPage\",\"@id\":\"https:\/\/bestmedcenter.com\/terms-and-services\/\",\"url\":\"https:\/\/bestmedcenter.com\/terms-and-services\/\",\"name\":\"Terms and Services - Best Medical Center\",\"isPartOf\":{\"@id\":\"https:\/\/bestmedcenter.com\/#website\"},\"primaryImageOfPage\":{\"@id\":\"https:\/\/bestmedcenter.com\/terms-and-services\/#primaryimage\"},\"image\":{\"@id\":\"https:\/\/bestmedcenter.com\/terms-and-services\/#primaryimage\"},\"thumbnailUrl\":\"https:\/\/bestmedcenter.com\/wp-content\/uploads\/2025\/08\/term-and-service1.jpg\",\"datePublished\":\"2025-07-28T22:42:57+00:00\",\"dateModified\":\"2025-09-03T02:25:08+00:00\",\"breadcrumb\":{\"@id\":\"https:\/\/bestmedcenter.com\/terms-and-services\/#breadcrumb\"},\"inLanguage\":\"es\",\"potentialAction\":[{\"@type\":\"ReadAction\",\"target\":[\"https:\/\/bestmedcenter.com\/terms-and-services\/\"]}]},{\"@type\":\"ImageObject\",\"inLanguage\":\"es\",\"@id\":\"https:\/\/bestmedcenter.com\/terms-and-services\/#primaryimage\",\"url\":\"https:\/\/bestmedcenter.com\/wp-content\/uploads\/2025\/08\/term-and-service1.jpg\",\"contentUrl\":\"https:\/\/bestmedcenter.com\/wp-content\/uploads\/2025\/08\/term-and-service1.jpg\"},{\"@type\":\"BreadcrumbList\",\"@id\":\"https:\/\/bestmedcenter.com\/terms-and-services\/#breadcrumb\",\"itemListElement\":[{\"@type\":\"ListItem\",\"position\":1,\"name\":\"Home\",\"item\":\"https:\/\/bestmedcenter.com\/\"},{\"@type\":\"ListItem\",\"position\":2,\"name\":\"Terms and Services\"}]},{\"@type\":\"WebSite\",\"@id\":\"https:\/\/bestmedcenter.com\/#website\",\"url\":\"https:\/\/bestmedcenter.com\/\",\"name\":\"Best Medical Center\",\"description\":\"\",\"potentialAction\":[{\"@type\":\"SearchAction\",\"target\":{\"@type\":\"EntryPoint\",\"urlTemplate\":\"https:\/\/bestmedcenter.com\/?s={search_term_string}\"},\"query-input\":{\"@type\":\"PropertyValueSpecification\",\"valueRequired\":true,\"valueName\":\"search_term_string\"}}],\"inLanguage\":\"es\"}]}<\/script>\n<!-- \/ Yoast SEO plugin. -->","yoast_head_json":{"title":"Terms and Services - Best Medical Center","robots":{"index":"index","follow":"follow","max-snippet":"max-snippet:-1","max-image-preview":"max-image-preview:large","max-video-preview":"max-video-preview:-1"},"canonical":"https:\/\/bestmedcenter.com\/es\/terms-and-services\/","og_locale":"es_ES","og_type":"article","og_title":"Terms and Services - Best Medical Center","og_description":"Terms and Services Terms of Service update &nbsp; &nbsp; &nbsp; &nbsp; i. The following SMS program disclosures must be included within the terms and conditions. 2. Our Commitment to You: Should we choose to send you a text message, we commit to the following: Limited Frequency: We will send no more than four (10) text&hellip;&nbsp;Terms and Services","og_url":"https:\/\/bestmedcenter.com\/es\/terms-and-services\/","og_site_name":"Best Medical Center","article_modified_time":"2025-09-03T02:25:08+00:00","og_image":[{"width":1536,"height":1024,"url":"https:\/\/bestmedcenter.com\/wp-content\/uploads\/2025\/08\/term-and-service1.jpg","type":"image\/jpeg"}],"twitter_card":"summary_large_image","twitter_misc":{"Tiempo de lectura":"1 minuto"},"schema":{"@context":"https:\/\/schema.org","@graph":[{"@type":"WebPage","@id":"https:\/\/bestmedcenter.com\/terms-and-services\/","url":"https:\/\/bestmedcenter.com\/terms-and-services\/","name":"Terms and Services - Best Medical Center","isPartOf":{"@id":"https:\/\/bestmedcenter.com\/#website"},"primaryImageOfPage":{"@id":"https:\/\/bestmedcenter.com\/terms-and-services\/#primaryimage"},"image":{"@id":"https:\/\/bestmedcenter.com\/terms-and-services\/#primaryimage"},"thumbnailUrl":"https:\/\/bestmedcenter.com\/wp-content\/uploads\/2025\/08\/term-and-service1.jpg","datePublished":"2025-07-28T22:42:57+00:00","dateModified":"2025-09-03T02:25:08+00:00","breadcrumb":{"@id":"https:\/\/bestmedcenter.com\/terms-and-services\/#breadcrumb"},"inLanguage":"es","potentialAction":[{"@type":"ReadAction","target":["https:\/\/bestmedcenter.com\/terms-and-services\/"]}]},{"@type":"ImageObject","inLanguage":"es","@id":"https:\/\/bestmedcenter.com\/terms-and-services\/#primaryimage","url":"https:\/\/bestmedcenter.com\/wp-content\/uploads\/2025\/08\/term-and-service1.jpg","contentUrl":"https:\/\/bestmedcenter.com\/wp-content\/uploads\/2025\/08\/term-and-service1.jpg"},{"@type":"BreadcrumbList","@id":"https:\/\/bestmedcenter.com\/terms-and-services\/#breadcrumb","itemListElement":[{"@type":"ListItem","position":1,"name":"Home","item":"https:\/\/bestmedcenter.com\/"},{"@type":"ListItem","position":2,"name":"Terms and Services"}]},{"@type":"WebSite","@id":"https:\/\/bestmedcenter.com\/#website","url":"https:\/\/bestmedcenter.com\/","name":"Best Medical Center","description":"","potentialAction":[{"@type":"SearchAction","target":{"@type":"EntryPoint","urlTemplate":"https:\/\/bestmedcenter.com\/?s={search_term_string}"},"query-input":{"@type":"PropertyValueSpecification","valueRequired":true,"valueName":"search_term_string"}}],"inLanguage":"es"}]}},"_links":{"self":[{"href":"http:\/\/bestmedcenter.com\/es\/wp-json\/wp\/v2\/pages\/723","targetHints":{"allow":["GET"]}}],"collection":[{"href":"http:\/\/bestmedcenter.com\/es\/wp-json\/wp\/v2\/pages"}],"about":[{"href":"http:\/\/bestmedcenter.com\/es\/wp-json\/wp\/v2\/types\/page"}],"author":[{"embeddable":true,"href":"http:\/\/bestmedcenter.com\/es\/wp-json\/wp\/v2\/users\/1"}],"replies":[{"embeddable":true,"href":"http:\/\/bestmedcenter.com\/es\/wp-json\/wp\/v2\/comments?post=723"}],"version-history":[{"count":9,"href":"http:\/\/bestmedcenter.com\/es\/wp-json\/wp\/v2\/pages\/723\/revisions"}],"predecessor-version":[{"id":850,"href":"http:\/\/bestmedcenter.com\/es\/wp-json\/wp\/v2\/pages\/723\/revisions\/850"}],"wp:attachment":[{"href":"http:\/\/bestmedcenter.com\/es\/wp-json\/wp\/v2\/media?parent=723"}],"curies":[{"name":"wp","href":"https:\/\/api.w.org\/{rel}","templated":true}]}}