{"id":128,"date":"2025-07-11T03:27:53","date_gmt":"2025-07-11T03:27:53","guid":{"rendered":"https:\/\/bestmedcenter.com\/?page_id=128"},"modified":"2025-07-28T20:42:43","modified_gmt":"2025-07-28T20:42:43","slug":"services","status":"publish","type":"page","link":"https:\/\/bestmedcenter.com\/es\/services\/","title":{"rendered":"Servicios Medicos"},"content":{"rendered":"<figure class=\"wp-block-image alignfull size-large\"><img loading=\"lazy\" decoding=\"async\" width=\"1024\" height=\"427\" src=\"https:\/\/bestmedcenter.com\/wp-content\/uploads\/2025\/07\/banner-servicios-profesionales-2-1024x427.png\" alt=\"\" class=\"wp-image-645\" srcset=\"https:\/\/bestmedcenter.com\/wp-content\/uploads\/2025\/07\/banner-servicios-profesionales-2-1024x427.png 1024w, https:\/\/bestmedcenter.com\/wp-content\/uploads\/2025\/07\/banner-servicios-profesionales-2-300x125.png 300w, https:\/\/bestmedcenter.com\/wp-content\/uploads\/2025\/07\/banner-servicios-profesionales-2-768x320.png 768w, https:\/\/bestmedcenter.com\/wp-content\/uploads\/2025\/07\/banner-servicios-profesionales-2-1536x640.png 1536w, https:\/\/bestmedcenter.com\/wp-content\/uploads\/2025\/07\/banner-servicios-profesionales-2-18x8.png 18w, https:\/\/bestmedcenter.com\/wp-content\/uploads\/2025\/07\/banner-servicios-profesionales-2-500x208.png 500w, https:\/\/bestmedcenter.com\/wp-content\/uploads\/2025\/07\/banner-servicios-profesionales-2-800x333.png 800w, https:\/\/bestmedcenter.com\/wp-content\/uploads\/2025\/07\/banner-servicios-profesionales-2-1280x533.png 1280w, https:\/\/bestmedcenter.com\/wp-content\/uploads\/2025\/07\/banner-servicios-profesionales-2.png 1920w\" sizes=\"auto, (max-width: 1024px) 100vw, 1024px\" \/><\/figure>\n\n\n\n<h2 class=\"wp-block-heading\">Nuestro Servicios Medicos<\/h2>\n\n\n\n<p>Ofrecemos una amplia gama de servicios m\u00e9dicos integrados, dise\u00f1ados para satisfacer las diversas necesidades de salud de nuestra comunidad:<\/p>\n\n\n\n<h4 class=\"wp-block-heading\"><a href=\"https:\/\/bestmedcenter.com\/es\/adult-primary-care\/\">Atenci\u00f3n primaria para adultos<\/a><\/h4>\n\n\n\n<p>Nuestros servicios de atenci\u00f3n primaria est\u00e1n enfocados en el cuidado integral y continuo de adultos. Construimos relaciones a largo plazo con nuestros pacientes para ayudarles a manejar condiciones cr\u00f3nicas, tratar enfermedades y promover el bienestar general.<\/p>\n\n\n\n<h4 class=\"wp-block-heading\"><a href=\"https:\/\/bestmedcenter.com\/es\/annual-wellness-visits\/\">Visitas de bienestar anuales<\/a><\/h4>\n\n\n\n<p>Ofrecemos chequeos anuales para evaluar su salud, identificar posibles riesgos, actualizar ex\u00e1menes necesarios y crear un plan de prevenci\u00f3n personalizado para mantenerlo saludable durante todo el a\u00f1o.<\/p>\n\n\n\n<h4 class=\"wp-block-heading\"><a href=\"https:\/\/bestmedcenter.com\/es\/transition-of-care-support\/\">Apoyo en la transici\u00f3n de cuidados<\/a><\/h4>\n\n\n\n<p>Asistimos a los pacientes cuando pasan de un entorno m\u00e9dico a otro, como despu\u00e9s de un alta hospitalaria. Nuestro equipo garantiza que reciba el seguimiento, los medicamentos y el apoyo necesario para evitar complicaciones y reingresos.<\/p>\n\n\n\n<h4 class=\"wp-block-heading\"><a href=\"https:\/\/bestmedcenter.com\/es\/care-coordination-and-management\/\">Coordinaci\u00f3n y gesti\u00f3n de cuidados<\/a><\/h4>\n\n\n\n<p>Coordinamos todos los aspectos de su atenci\u00f3n m\u00e9dica, incluyendo citas, referencias, tratamientos y comunicaci\u00f3n entre proveedores, para garantizar una atenci\u00f3n efectiva y sin interrupciones.<\/p>\n\n\n\n<h4 class=\"wp-block-heading\"><a href=\"https:\/\/bestmedcenter.com\/es\/referral-to-specialists\/\">Referencia a especialistas<\/a><\/h4>\n\n\n\n<p>Si necesita atenci\u00f3n especializada, lo conectamos con especialistas de confianza en nuestra red y coordinamos todos los detalles para una transici\u00f3n fluida y un cuidado continuo.<\/p>\n\n\n\n<h4 class=\"wp-block-heading\"><a href=\"https:\/\/bestmedcenter.com\/es\/on-call-support\/\">Soporte m\u00e9dico 24\/7<\/a><\/h4>\n\n\n\n<p>Nuestros pacientes tienen acceso a asesoramiento y apoyo m\u00e9dico en cualquier momento, d\u00eda o noche. Estamos aqu\u00ed para situaciones urgentes y para responder sus preguntas cuando lo necesite.<\/p>\n\n\n\n<h4 class=\"wp-block-heading\"><a href=\"https:\/\/bestmedcenter.com\/es\/womens-health\/\">Salud femenina<\/a><\/h4>\n\n\n\n<p>Ofrecemos atenci\u00f3n dedicada a la mujer, incluyendo ex\u00e1menes preventivos, salud reproductiva, planificaci\u00f3n familiar y manejo de condiciones espec\u00edficas en cada etapa de la vida.<\/p>\n\n\n\n<h4 class=\"wp-block-heading\"><a href=\"https:\/\/bestmedcenter.com\/es\/pharmacy-rx\/\">Farmacia y recetas<\/a><\/h4>\n\n\n\n<p>Nuestra cl\u00ednica cuenta con servicios de farmacia para que pueda obtener sus medicamentos de manera r\u00e1pida y eficiente en el mismo lugar.<\/p>\n\n\n\n<h4 class=\"wp-block-heading\"><a href=\"https:\/\/bestmedcenter.com\/es\/ultrasound-services\/\">Servicios de ultrasonido<\/a><\/h4>\n\n\n\n<p>Realizamos estudios de ultrasonido en la cl\u00ednica para diagn\u00f3sticos r\u00e1pidos y precisos, seguimiento y apoyo en diversas condiciones m\u00e9dicas.<\/p>\n\n\n\n<h4 class=\"wp-block-heading\"><a href=\"https:\/\/bestmedcenter.com\/es\/preventive-health-screening\/\">Ex\u00e1menes preventivos de salud<\/a><\/h4>\n\n\n\n<p>Brindamos pruebas de detecci\u00f3n para identificar problemas de salud de manera temprana, incluso antes de que aparezcan s\u00edntomas, ayud\u00e1ndole a prevenir complicaciones.<\/p>\n\n\n\n<h4 class=\"wp-block-heading\"><a href=\"https:\/\/bestmedcenter.com\/es\/cancer-screening\/\">Detecci\u00f3n de c\u00e1ncer (colon, mama, cuello uterino)<\/a><\/h4>\n\n\n\n<p>Ofrecemos programas de detecci\u00f3n de c\u00e1ncer, incluyendo pruebas para colon, mama y cuello uterino, ayudando a identificar el c\u00e1ncer en etapas tempranas cuando es m\u00e1s tratable.<\/p>\n\n\n\n<h4 class=\"wp-block-heading\"><a href=\"https:\/\/bestmedcenter.com\/es\/iv-infusion-therapy\/\">Terapia de Infusi\u00f3n Intravenosa<\/a><\/h4>\n\n\n\n<p>We offer <strong>Terapia de Infusi\u00f3n Intravenosa<\/strong>\u2014a powerful solution to hydrate your body, boost your immune system, and replenish nutrients directly into your bloodstream<\/p>\n\n\n\n<h4 class=\"wp-block-heading\"><a href=\"https:\/\/bestmedcenter.com\/es\/lifestyle-counseling\/\">Consejer\u00eda sobre estilos de vida (nutrici\u00f3n, ejercicio, dejar de fumar)<\/a><\/h4>\n\n\n\n<p>Personalized guidance on nutrition, exercise, and smoking cessation to support healthy habits<\/p>\n\n\n\n<h4 class=\"wp-block-heading\"><a href=\"https:\/\/bestmedcenter.com\/es\/weight-management-program\/\">Servicio de Control de Peso<\/a><\/h4>\n\n\n\n<p>Forget extreme diets and temporary results\u2014our team supports you every step of the way to achieve lasting change<\/p>","protected":false},"excerpt":{"rendered":"<p>Our Medical Services We offer a wide range of integrated medical services designed to meet the diverse healthcare needs of our community: Adult Primary Care Comprehensive healthcare for adults, including chronic condition management and wellness promotion. Annual Wellness Visits Yearly check-ups to assess health, update screenings, and create personalized prevention plans. Transition of Care Support&hellip;&nbsp;<a href=\"https:\/\/bestmedcenter.com\/es\/services\/\" rel=\"bookmark\"><span class=\"screen-reader-text\">Servicios Medicos<\/span><\/a><\/p>","protected":false},"author":1,"featured_media":0,"parent":0,"menu_order":0,"comment_status":"closed","ping_status":"closed","template":"","meta":{"neve_meta_sidebar":"","neve_meta_container":"","neve_meta_enable_content_width":"","neve_meta_content_width":0,"neve_meta_title_alignment":"","neve_meta_author_avatar":"","neve_post_elements_order":"","neve_meta_disable_header":"","neve_meta_disable_footer":"","neve_meta_disable_title":"","_themeisle_gutenberg_block_has_review":false,"_glsr_average":0,"_glsr_ranking":0,"_glsr_reviews":0,"footnotes":""},"class_list":["post-128","page","type-page","status-publish","hentry"],"yoast_head":"<!-- This site is optimized with the Yoast SEO plugin v26.8 - https:\/\/yoast.com\/product\/yoast-seo-wordpress\/ -->\n<title>Medical Services - Best Medical Center<\/title>\n<meta name=\"robots\" content=\"index, follow, max-snippet:-1, max-image-preview:large, max-video-preview:-1\" \/>\n<link rel=\"canonical\" href=\"https:\/\/bestmedcenter.com\/es\/services\/\" \/>\n<meta property=\"og:locale\" content=\"es_ES\" \/>\n<meta property=\"og:type\" content=\"article\" \/>\n<meta property=\"og:title\" content=\"Medical Services - Best Medical Center\" \/>\n<meta property=\"og:description\" content=\"Our Medical Services We offer a wide range of integrated medical services designed to meet the diverse healthcare needs of our community: Adult Primary Care Comprehensive healthcare for adults, including chronic condition management and wellness promotion. Annual Wellness Visits Yearly check-ups to assess health, update screenings, and create personalized prevention plans. Transition of Care Support&hellip;&nbsp;Medical Services\" \/>\n<meta property=\"og:url\" content=\"https:\/\/bestmedcenter.com\/es\/services\/\" \/>\n<meta property=\"og:site_name\" content=\"Best Medical Center\" \/>\n<meta property=\"article:modified_time\" content=\"2025-07-28T20:42:43+00:00\" \/>\n<meta property=\"og:image\" content=\"https:\/\/bestmedcenter.com\/wp-content\/uploads\/2025\/07\/banner-servicios-profesionales-2-1024x427.png\" \/>\n\t<meta property=\"og:image:width\" content=\"1024\" \/>\n\t<meta property=\"og:image:height\" content=\"427\" \/>\n\t<meta property=\"og:image:type\" content=\"image\/png\" \/>\n<meta name=\"twitter:card\" content=\"summary_large_image\" \/>\n<meta name=\"twitter:label1\" content=\"Tiempo de lectura\" \/>\n\t<meta name=\"twitter:data1\" content=\"2 minutos\" \/>\n<script type=\"application\/ld+json\" class=\"yoast-schema-graph\">{\"@context\":\"https:\/\/schema.org\",\"@graph\":[{\"@type\":\"WebPage\",\"@id\":\"https:\/\/bestmedcenter.com\/services\/\",\"url\":\"https:\/\/bestmedcenter.com\/services\/\",\"name\":\"Medical Services - Best Medical Center\",\"isPartOf\":{\"@id\":\"https:\/\/bestmedcenter.com\/#website\"},\"primaryImageOfPage\":{\"@id\":\"https:\/\/bestmedcenter.com\/services\/#primaryimage\"},\"image\":{\"@id\":\"https:\/\/bestmedcenter.com\/services\/#primaryimage\"},\"thumbnailUrl\":\"https:\/\/bestmedcenter.com\/wp-content\/uploads\/2025\/07\/banner-servicios-profesionales-2-1024x427.png\",\"datePublished\":\"2025-07-11T03:27:53+00:00\",\"dateModified\":\"2025-07-28T20:42:43+00:00\",\"breadcrumb\":{\"@id\":\"https:\/\/bestmedcenter.com\/services\/#breadcrumb\"},\"inLanguage\":\"es\",\"potentialAction\":[{\"@type\":\"ReadAction\",\"target\":[\"https:\/\/bestmedcenter.com\/services\/\"]}]},{\"@type\":\"ImageObject\",\"inLanguage\":\"es\",\"@id\":\"https:\/\/bestmedcenter.com\/services\/#primaryimage\",\"url\":\"https:\/\/bestmedcenter.com\/wp-content\/uploads\/2025\/07\/banner-servicios-profesionales-2-1024x427.png\",\"contentUrl\":\"https:\/\/bestmedcenter.com\/wp-content\/uploads\/2025\/07\/banner-servicios-profesionales-2-1024x427.png\"},{\"@type\":\"BreadcrumbList\",\"@id\":\"https:\/\/bestmedcenter.com\/services\/#breadcrumb\",\"itemListElement\":[{\"@type\":\"ListItem\",\"position\":1,\"name\":\"Home\",\"item\":\"https:\/\/bestmedcenter.com\/\"},{\"@type\":\"ListItem\",\"position\":2,\"name\":\"Medical Services\"}]},{\"@type\":\"WebSite\",\"@id\":\"https:\/\/bestmedcenter.com\/#website\",\"url\":\"https:\/\/bestmedcenter.com\/\",\"name\":\"Best Medical Center\",\"description\":\"\",\"potentialAction\":[{\"@type\":\"SearchAction\",\"target\":{\"@type\":\"EntryPoint\",\"urlTemplate\":\"https:\/\/bestmedcenter.com\/?s={search_term_string}\"},\"query-input\":{\"@type\":\"PropertyValueSpecification\",\"valueRequired\":true,\"valueName\":\"search_term_string\"}}],\"inLanguage\":\"es\"}]}<\/script>\n<!-- \/ Yoast SEO plugin. -->","yoast_head_json":{"title":"Medical Services - Best Medical Center","robots":{"index":"index","follow":"follow","max-snippet":"max-snippet:-1","max-image-preview":"max-image-preview:large","max-video-preview":"max-video-preview:-1"},"canonical":"https:\/\/bestmedcenter.com\/es\/services\/","og_locale":"es_ES","og_type":"article","og_title":"Medical Services - Best Medical Center","og_description":"Our Medical Services We offer a wide range of integrated medical services designed to meet the diverse healthcare needs of our community: Adult Primary Care Comprehensive healthcare for adults, including chronic condition management and wellness promotion. Annual Wellness Visits Yearly check-ups to assess health, update screenings, and create personalized prevention plans. Transition of Care Support&hellip;&nbsp;Medical Services","og_url":"https:\/\/bestmedcenter.com\/es\/services\/","og_site_name":"Best Medical Center","article_modified_time":"2025-07-28T20:42:43+00:00","og_image":[{"width":1024,"height":427,"url":"https:\/\/bestmedcenter.com\/wp-content\/uploads\/2025\/07\/banner-servicios-profesionales-2-1024x427.png","type":"image\/png"}],"twitter_card":"summary_large_image","twitter_misc":{"Tiempo de lectura":"2 minutos"},"schema":{"@context":"https:\/\/schema.org","@graph":[{"@type":"WebPage","@id":"https:\/\/bestmedcenter.com\/services\/","url":"https:\/\/bestmedcenter.com\/services\/","name":"Medical Services - Best Medical Center","isPartOf":{"@id":"https:\/\/bestmedcenter.com\/#website"},"primaryImageOfPage":{"@id":"https:\/\/bestmedcenter.com\/services\/#primaryimage"},"image":{"@id":"https:\/\/bestmedcenter.com\/services\/#primaryimage"},"thumbnailUrl":"https:\/\/bestmedcenter.com\/wp-content\/uploads\/2025\/07\/banner-servicios-profesionales-2-1024x427.png","datePublished":"2025-07-11T03:27:53+00:00","dateModified":"2025-07-28T20:42:43+00:00","breadcrumb":{"@id":"https:\/\/bestmedcenter.com\/services\/#breadcrumb"},"inLanguage":"es","potentialAction":[{"@type":"ReadAction","target":["https:\/\/bestmedcenter.com\/services\/"]}]},{"@type":"ImageObject","inLanguage":"es","@id":"https:\/\/bestmedcenter.com\/services\/#primaryimage","url":"https:\/\/bestmedcenter.com\/wp-content\/uploads\/2025\/07\/banner-servicios-profesionales-2-1024x427.png","contentUrl":"https:\/\/bestmedcenter.com\/wp-content\/uploads\/2025\/07\/banner-servicios-profesionales-2-1024x427.png"},{"@type":"BreadcrumbList","@id":"https:\/\/bestmedcenter.com\/services\/#breadcrumb","itemListElement":[{"@type":"ListItem","position":1,"name":"Home","item":"https:\/\/bestmedcenter.com\/"},{"@type":"ListItem","position":2,"name":"Medical Services"}]},{"@type":"WebSite","@id":"https:\/\/bestmedcenter.com\/#website","url":"https:\/\/bestmedcenter.com\/","name":"Best Medical Center","description":"","potentialAction":[{"@type":"SearchAction","target":{"@type":"EntryPoint","urlTemplate":"https:\/\/bestmedcenter.com\/?s={search_term_string}"},"query-input":{"@type":"PropertyValueSpecification","valueRequired":true,"valueName":"search_term_string"}}],"inLanguage":"es"}]}},"_links":{"self":[{"href":"https:\/\/bestmedcenter.com\/es\/wp-json\/wp\/v2\/pages\/128","targetHints":{"allow":["GET"]}}],"collection":[{"href":"https:\/\/bestmedcenter.com\/es\/wp-json\/wp\/v2\/pages"}],"about":[{"href":"https:\/\/bestmedcenter.com\/es\/wp-json\/wp\/v2\/types\/page"}],"author":[{"embeddable":true,"href":"https:\/\/bestmedcenter.com\/es\/wp-json\/wp\/v2\/users\/1"}],"replies":[{"embeddable":true,"href":"https:\/\/bestmedcenter.com\/es\/wp-json\/wp\/v2\/comments?post=128"}],"version-history":[{"count":22,"href":"https:\/\/bestmedcenter.com\/es\/wp-json\/wp\/v2\/pages\/128\/revisions"}],"predecessor-version":[{"id":709,"href":"https:\/\/bestmedcenter.com\/es\/wp-json\/wp\/v2\/pages\/128\/revisions\/709"}],"wp:attachment":[{"href":"https:\/\/bestmedcenter.com\/es\/wp-json\/wp\/v2\/media?parent=128"}],"curies":[{"name":"wp","href":"https:\/\/api.w.org\/{rel}","templated":true}]}}