{"id":198,"date":"2025-07-11T21:11:02","date_gmt":"2025-07-11T21:11:02","guid":{"rendered":"https:\/\/bestmedcenter.com\/?page_id=198"},"modified":"2025-07-26T01:31:07","modified_gmt":"2025-07-26T01:31:07","slug":"adult-primary-care","status":"publish","type":"page","link":"https:\/\/bestmedcenter.com\/es\/adult-primary-care\/","title":{"rendered":"Atenci\u00f3n primaria para adultos"},"content":{"rendered":"<figure class=\"wp-block-image alignfull size-large\"><img loading=\"lazy\" decoding=\"async\" width=\"1024\" height=\"683\" src=\"https:\/\/bestmedcenter.com\/wp-content\/uploads\/2025\/07\/banner-primary-care-1024x683.png\" alt=\"\" class=\"wp-image-90\" srcset=\"https:\/\/bestmedcenter.com\/wp-content\/uploads\/2025\/07\/banner-primary-care-1024x683.png 1024w, https:\/\/bestmedcenter.com\/wp-content\/uploads\/2025\/07\/banner-primary-care-300x200.png 300w, https:\/\/bestmedcenter.com\/wp-content\/uploads\/2025\/07\/banner-primary-care-768x512.png 768w, https:\/\/bestmedcenter.com\/wp-content\/uploads\/2025\/07\/banner-primary-care-18x12.png 18w, https:\/\/bestmedcenter.com\/wp-content\/uploads\/2025\/07\/banner-primary-care-930x620.png 930w, https:\/\/bestmedcenter.com\/wp-content\/uploads\/2025\/07\/banner-primary-care.png 1536w\" sizes=\"auto, (max-width: 1024px) 100vw, 1024px\" \/><\/figure>\n\n\n\n<h2 class=\"wp-block-heading\">Atenci\u00f3n primaria para adultos<\/h2>\n\n\n\n<p>En Best Medical Center, nuestros servicios de atenci\u00f3n primaria para adultos se enfocan en una atenci\u00f3n m\u00e9dica integral y continua, adaptada a las necesidades individuales de cada paciente.<\/p>\n\n\n\n<p> Nos dedicamos a crear relaciones duraderas para ayudar a manejar condiciones cr\u00f3nicas, atender problemas de salud cotidianos y fomentar el bienestar general mediante la prevenci\u00f3n y planes de tratamiento personalizados.<\/p>\n\n\n\n<p>Muchos de nuestros pacientes han compartido c\u00f3mo la atenci\u00f3n que reciben aqu\u00ed ha mejorado significativamente su calidad de vida\u2014desde un mejor manejo de condiciones cr\u00f3nicas hasta una mayor confianza en sus decisiones de salud.<\/p>\n\n\n\n<p> Nuestro equipo compasivo escucha con atenci\u00f3n, responde con dedicaci\u00f3n y trabaja junto a cada persona para que se sientan respaldados, comprendidos y con poder sobre su bienestar. Su salud es nuestra raz\u00f3n de ser.<\/p>\n\n\n\n<div class=\"wp-block-buttons is-layout-flex wp-block-buttons-is-layout-flex\">\n<div class=\"wp-block-button is-style-primary\"><a class=\"wp-block-button__link wp-element-button\" href=\"https:\/\/bestmedcenter.com\/es\/appointment\/\">Registre Su Cita<\/a><\/div>\n<\/div>\n\n\n\n<p><\/p>","protected":false},"excerpt":{"rendered":"<p>Adult Primary Care At Best Medical Center, our adult primary care services are centered on long-term, comprehensive healthcare tailored to each patient\u2019s unique needs. We are committed to building lasting relationships to help manage chronic conditions, address everyday health concerns, and encourage overall wellness through prevention and personalized treatment plans. Many of our patients have&hellip;&nbsp;<a href=\"https:\/\/bestmedcenter.com\/es\/adult-primary-care\/\" rel=\"bookmark\"><span class=\"screen-reader-text\">Atenci\u00f3n primaria para adultos<\/span><\/a><\/p>","protected":false},"author":1,"featured_media":0,"parent":0,"menu_order":0,"comment_status":"closed","ping_status":"closed","template":"","meta":{"neve_meta_sidebar":"","neve_meta_container":"","neve_meta_enable_content_width":"","neve_meta_content_width":0,"neve_meta_title_alignment":"","neve_meta_author_avatar":"","neve_post_elements_order":"","neve_meta_disable_header":"","neve_meta_disable_footer":"","neve_meta_disable_title":"","_themeisle_gutenberg_block_has_review":false,"_glsr_average":0,"_glsr_ranking":0,"_glsr_reviews":0,"footnotes":""},"class_list":["post-198","page","type-page","status-publish","hentry"],"yoast_head":"<!-- This site is optimized with the Yoast SEO plugin v26.8 - https:\/\/yoast.com\/product\/yoast-seo-wordpress\/ -->\n<title>Adult Primary Care - Best Medical Center<\/title>\n<meta name=\"robots\" content=\"index, follow, max-snippet:-1, max-image-preview:large, max-video-preview:-1\" \/>\n<link rel=\"canonical\" href=\"https:\/\/bestmedcenter.com\/es\/adult-primary-care\/\" \/>\n<meta property=\"og:locale\" content=\"es_ES\" \/>\n<meta property=\"og:type\" content=\"article\" \/>\n<meta property=\"og:title\" content=\"Adult Primary Care - Best Medical Center\" \/>\n<meta property=\"og:description\" content=\"Adult Primary Care At Best Medical Center, our adult primary care services are centered on long-term, comprehensive healthcare tailored to each patient\u2019s unique needs. We are committed to building lasting relationships to help manage chronic conditions, address everyday health concerns, and encourage overall wellness through prevention and personalized treatment plans. Many of our patients have&hellip;&nbsp;Adult Primary Care\" \/>\n<meta property=\"og:url\" content=\"https:\/\/bestmedcenter.com\/es\/adult-primary-care\/\" \/>\n<meta property=\"og:site_name\" content=\"Best Medical Center\" \/>\n<meta property=\"article:modified_time\" content=\"2025-07-26T01:31:07+00:00\" \/>\n<meta property=\"og:image\" content=\"https:\/\/bestmedcenter.com\/wp-content\/uploads\/2025\/07\/banner-primary-care-1024x683.png\" \/>\n\t<meta property=\"og:image:width\" content=\"1024\" \/>\n\t<meta property=\"og:image:height\" content=\"683\" \/>\n\t<meta property=\"og:image:type\" content=\"image\/png\" \/>\n<meta name=\"twitter:card\" content=\"summary_large_image\" \/>\n<meta name=\"twitter:label1\" content=\"Tiempo de lectura\" \/>\n\t<meta name=\"twitter:data1\" content=\"1 minuto\" \/>\n<script type=\"application\/ld+json\" class=\"yoast-schema-graph\">{\"@context\":\"https:\/\/schema.org\",\"@graph\":[{\"@type\":\"WebPage\",\"@id\":\"https:\/\/bestmedcenter.com\/adult-primary-care\/\",\"url\":\"https:\/\/bestmedcenter.com\/adult-primary-care\/\",\"name\":\"Adult Primary Care - Best Medical Center\",\"isPartOf\":{\"@id\":\"https:\/\/bestmedcenter.com\/#website\"},\"primaryImageOfPage\":{\"@id\":\"https:\/\/bestmedcenter.com\/adult-primary-care\/#primaryimage\"},\"image\":{\"@id\":\"https:\/\/bestmedcenter.com\/adult-primary-care\/#primaryimage\"},\"thumbnailUrl\":\"https:\/\/bestmedcenter.com\/wp-content\/uploads\/2025\/07\/banner-primary-care-1024x683.png\",\"datePublished\":\"2025-07-11T21:11:02+00:00\",\"dateModified\":\"2025-07-26T01:31:07+00:00\",\"breadcrumb\":{\"@id\":\"https:\/\/bestmedcenter.com\/adult-primary-care\/#breadcrumb\"},\"inLanguage\":\"es\",\"potentialAction\":[{\"@type\":\"ReadAction\",\"target\":[\"https:\/\/bestmedcenter.com\/adult-primary-care\/\"]}]},{\"@type\":\"ImageObject\",\"inLanguage\":\"es\",\"@id\":\"https:\/\/bestmedcenter.com\/adult-primary-care\/#primaryimage\",\"url\":\"https:\/\/bestmedcenter.com\/wp-content\/uploads\/2025\/07\/banner-primary-care-1024x683.png\",\"contentUrl\":\"https:\/\/bestmedcenter.com\/wp-content\/uploads\/2025\/07\/banner-primary-care-1024x683.png\"},{\"@type\":\"BreadcrumbList\",\"@id\":\"https:\/\/bestmedcenter.com\/adult-primary-care\/#breadcrumb\",\"itemListElement\":[{\"@type\":\"ListItem\",\"position\":1,\"name\":\"Home\",\"item\":\"https:\/\/bestmedcenter.com\/\"},{\"@type\":\"ListItem\",\"position\":2,\"name\":\"Adult Primary Care\"}]},{\"@type\":\"WebSite\",\"@id\":\"https:\/\/bestmedcenter.com\/#website\",\"url\":\"https:\/\/bestmedcenter.com\/\",\"name\":\"Best Medical Center\",\"description\":\"\",\"potentialAction\":[{\"@type\":\"SearchAction\",\"target\":{\"@type\":\"EntryPoint\",\"urlTemplate\":\"https:\/\/bestmedcenter.com\/?s={search_term_string}\"},\"query-input\":{\"@type\":\"PropertyValueSpecification\",\"valueRequired\":true,\"valueName\":\"search_term_string\"}}],\"inLanguage\":\"es\"}]}<\/script>\n<!-- \/ Yoast SEO plugin. -->","yoast_head_json":{"title":"Adult Primary Care - Best Medical Center","robots":{"index":"index","follow":"follow","max-snippet":"max-snippet:-1","max-image-preview":"max-image-preview:large","max-video-preview":"max-video-preview:-1"},"canonical":"https:\/\/bestmedcenter.com\/es\/adult-primary-care\/","og_locale":"es_ES","og_type":"article","og_title":"Adult Primary Care - Best Medical Center","og_description":"Adult Primary Care At Best Medical Center, our adult primary care services are centered on long-term, comprehensive healthcare tailored to each patient\u2019s unique needs. We are committed to building lasting relationships to help manage chronic conditions, address everyday health concerns, and encourage overall wellness through prevention and personalized treatment plans. Many of our patients have&hellip;&nbsp;Adult Primary Care","og_url":"https:\/\/bestmedcenter.com\/es\/adult-primary-care\/","og_site_name":"Best Medical Center","article_modified_time":"2025-07-26T01:31:07+00:00","og_image":[{"width":1024,"height":683,"url":"https:\/\/bestmedcenter.com\/wp-content\/uploads\/2025\/07\/banner-primary-care-1024x683.png","type":"image\/png"}],"twitter_card":"summary_large_image","twitter_misc":{"Tiempo de lectura":"1 minuto"},"schema":{"@context":"https:\/\/schema.org","@graph":[{"@type":"WebPage","@id":"https:\/\/bestmedcenter.com\/adult-primary-care\/","url":"https:\/\/bestmedcenter.com\/adult-primary-care\/","name":"Adult Primary Care - Best Medical Center","isPartOf":{"@id":"https:\/\/bestmedcenter.com\/#website"},"primaryImageOfPage":{"@id":"https:\/\/bestmedcenter.com\/adult-primary-care\/#primaryimage"},"image":{"@id":"https:\/\/bestmedcenter.com\/adult-primary-care\/#primaryimage"},"thumbnailUrl":"https:\/\/bestmedcenter.com\/wp-content\/uploads\/2025\/07\/banner-primary-care-1024x683.png","datePublished":"2025-07-11T21:11:02+00:00","dateModified":"2025-07-26T01:31:07+00:00","breadcrumb":{"@id":"https:\/\/bestmedcenter.com\/adult-primary-care\/#breadcrumb"},"inLanguage":"es","potentialAction":[{"@type":"ReadAction","target":["https:\/\/bestmedcenter.com\/adult-primary-care\/"]}]},{"@type":"ImageObject","inLanguage":"es","@id":"https:\/\/bestmedcenter.com\/adult-primary-care\/#primaryimage","url":"https:\/\/bestmedcenter.com\/wp-content\/uploads\/2025\/07\/banner-primary-care-1024x683.png","contentUrl":"https:\/\/bestmedcenter.com\/wp-content\/uploads\/2025\/07\/banner-primary-care-1024x683.png"},{"@type":"BreadcrumbList","@id":"https:\/\/bestmedcenter.com\/adult-primary-care\/#breadcrumb","itemListElement":[{"@type":"ListItem","position":1,"name":"Home","item":"https:\/\/bestmedcenter.com\/"},{"@type":"ListItem","position":2,"name":"Adult Primary Care"}]},{"@type":"WebSite","@id":"https:\/\/bestmedcenter.com\/#website","url":"https:\/\/bestmedcenter.com\/","name":"Best Medical Center","description":"","potentialAction":[{"@type":"SearchAction","target":{"@type":"EntryPoint","urlTemplate":"https:\/\/bestmedcenter.com\/?s={search_term_string}"},"query-input":{"@type":"PropertyValueSpecification","valueRequired":true,"valueName":"search_term_string"}}],"inLanguage":"es"}]}},"_links":{"self":[{"href":"https:\/\/bestmedcenter.com\/es\/wp-json\/wp\/v2\/pages\/198","targetHints":{"allow":["GET"]}}],"collection":[{"href":"https:\/\/bestmedcenter.com\/es\/wp-json\/wp\/v2\/pages"}],"about":[{"href":"https:\/\/bestmedcenter.com\/es\/wp-json\/wp\/v2\/types\/page"}],"author":[{"embeddable":true,"href":"https:\/\/bestmedcenter.com\/es\/wp-json\/wp\/v2\/users\/1"}],"replies":[{"embeddable":true,"href":"https:\/\/bestmedcenter.com\/es\/wp-json\/wp\/v2\/comments?post=198"}],"version-history":[{"count":5,"href":"https:\/\/bestmedcenter.com\/es\/wp-json\/wp\/v2\/pages\/198\/revisions"}],"predecessor-version":[{"id":671,"href":"https:\/\/bestmedcenter.com\/es\/wp-json\/wp\/v2\/pages\/198\/revisions\/671"}],"wp:attachment":[{"href":"https:\/\/bestmedcenter.com\/es\/wp-json\/wp\/v2\/media?parent=198"}],"curies":[{"name":"wp","href":"https:\/\/api.w.org\/{rel}","templated":true}]}}