{"id":209,"date":"2025-07-11T21:54:23","date_gmt":"2025-07-11T21:54:23","guid":{"rendered":"https:\/\/bestmedcenter.com\/?page_id=209"},"modified":"2025-07-26T01:48:35","modified_gmt":"2025-07-26T01:48:35","slug":"care-coordination-and-management","status":"publish","type":"page","link":"https:\/\/bestmedcenter.com\/es\/care-coordination-and-management\/","title":{"rendered":"Coordinaci\u00f3n y gesti\u00f3n de cuidados"},"content":{"rendered":"<figure class=\"wp-block-image alignfull size-large\"><img loading=\"lazy\" decoding=\"async\" width=\"1024\" height=\"410\" src=\"https:\/\/bestmedcenter.com\/wp-content\/uploads\/2025\/07\/banner-coordination-1024x410.jpg\" alt=\"\" class=\"wp-image-86\" srcset=\"https:\/\/bestmedcenter.com\/wp-content\/uploads\/2025\/07\/banner-coordination-1024x410.jpg 1024w, https:\/\/bestmedcenter.com\/wp-content\/uploads\/2025\/07\/banner-coordination-300x120.jpg 300w, https:\/\/bestmedcenter.com\/wp-content\/uploads\/2025\/07\/banner-coordination-768x307.jpg 768w, https:\/\/bestmedcenter.com\/wp-content\/uploads\/2025\/07\/banner-coordination-1536x614.jpg 1536w, https:\/\/bestmedcenter.com\/wp-content\/uploads\/2025\/07\/banner-coordination-18x7.jpg 18w, https:\/\/bestmedcenter.com\/wp-content\/uploads\/2025\/07\/banner-coordination.jpg 1920w\" sizes=\"auto, (max-width: 1024px) 100vw, 1024px\" \/><\/figure>\n\n\n\n<h2 class=\"wp-block-heading\">Coordinaci\u00f3n y gesti\u00f3n de cuidados<\/h2>\n\n\n\n<p>En Best Medical Center, nuestro servicio de Coordinaci\u00f3n y Gesti\u00f3n del Cuidado garantiza que cada paso de su trayectoria m\u00e9dica est\u00e9 perfectamente conectado. <\/p>\n\n\n\n<p>Nos encargamos de programar citas, procesar referencias, manejar tratamientos y facilitar una comunicaci\u00f3n clara entre todos sus proveedores de atenci\u00f3n m\u00e9dica.<\/p>\n\n\n\n<p>Muchos de nuestros pacientes comparten c\u00f3mo este nivel de coordinaci\u00f3n ha transformado positivamente su experiencia\u2014reduciendo el estr\u00e9s, evitando demoras innecesarias y brind\u00e1ndoles una mayor claridad y control en momentos que pueden ser dif\u00edciles. <\/p>\n\n\n\n<p>Gracias a este apoyo, han obtenido mejores resultados, tranquilidad emocional y una calidad de vida superior. Porque cuando su equipo m\u00e9dico trabaja en armon\u00eda, su salud avanza con seguridad.<\/p>\n\n\n\n<div class=\"wp-block-buttons is-layout-flex wp-block-buttons-is-layout-flex\">\n<div class=\"wp-block-button is-style-primary\"><a class=\"wp-block-button__link wp-element-button\" href=\"https:\/\/bestmedcenter.com\/es\/appointment\/\">Registre Su Cita<\/a><\/div>\n<\/div>\n\n\n\n<p><\/p>","protected":false},"excerpt":{"rendered":"<p>Care Coordination and Management At Best Medical Center, our Care Coordination and Management service ensures that every part of your healthcare journey is seamlessly connected. We handle scheduling appointments, processing referrals, managing treatments, and facilitating clear communication between all of your healthcare providers. Many of our patients express how this level of coordination has made&hellip;&nbsp;<a href=\"https:\/\/bestmedcenter.com\/es\/care-coordination-and-management\/\" rel=\"bookmark\"><span class=\"screen-reader-text\">Coordinaci\u00f3n y gesti\u00f3n de cuidados<\/span><\/a><\/p>","protected":false},"author":1,"featured_media":0,"parent":0,"menu_order":0,"comment_status":"closed","ping_status":"closed","template":"","meta":{"neve_meta_sidebar":"","neve_meta_container":"","neve_meta_enable_content_width":"","neve_meta_content_width":0,"neve_meta_title_alignment":"","neve_meta_author_avatar":"","neve_post_elements_order":"","neve_meta_disable_header":"","neve_meta_disable_footer":"","neve_meta_disable_title":"","_themeisle_gutenberg_block_has_review":false,"_glsr_average":0,"_glsr_ranking":0,"_glsr_reviews":0,"footnotes":""},"class_list":["post-209","page","type-page","status-publish","hentry"],"yoast_head":"<!-- This site is optimized with the Yoast SEO plugin v26.8 - https:\/\/yoast.com\/product\/yoast-seo-wordpress\/ -->\n<title>Care Coordination and Management - Best Medical Center<\/title>\n<meta name=\"robots\" content=\"index, follow, max-snippet:-1, max-image-preview:large, max-video-preview:-1\" \/>\n<link rel=\"canonical\" href=\"https:\/\/bestmedcenter.com\/es\/care-coordination-and-management\/\" \/>\n<meta property=\"og:locale\" content=\"es_ES\" \/>\n<meta property=\"og:type\" content=\"article\" \/>\n<meta property=\"og:title\" content=\"Care Coordination and Management - Best Medical Center\" \/>\n<meta property=\"og:description\" content=\"Care Coordination and Management At Best Medical Center, our Care Coordination and Management service ensures that every part of your healthcare journey is seamlessly connected. We handle scheduling appointments, processing referrals, managing treatments, and facilitating clear communication between all of your healthcare providers. Many of our patients express how this level of coordination has made&hellip;&nbsp;Care Coordination and Management\" \/>\n<meta property=\"og:url\" content=\"https:\/\/bestmedcenter.com\/es\/care-coordination-and-management\/\" \/>\n<meta property=\"og:site_name\" content=\"Best Medical Center\" \/>\n<meta property=\"article:modified_time\" content=\"2025-07-26T01:48:35+00:00\" \/>\n<meta property=\"og:image\" content=\"https:\/\/bestmedcenter.com\/wp-content\/uploads\/2025\/07\/banner-coordination.jpg\" \/>\n\t<meta property=\"og:image:width\" content=\"1920\" \/>\n\t<meta property=\"og:image:height\" content=\"768\" \/>\n\t<meta property=\"og:image:type\" content=\"image\/jpeg\" \/>\n<meta name=\"twitter:card\" content=\"summary_large_image\" \/>\n<meta name=\"twitter:label1\" content=\"Tiempo de lectura\" \/>\n\t<meta name=\"twitter:data1\" content=\"1 minuto\" \/>\n<script type=\"application\/ld+json\" class=\"yoast-schema-graph\">{\"@context\":\"https:\/\/schema.org\",\"@graph\":[{\"@type\":\"WebPage\",\"@id\":\"https:\/\/bestmedcenter.com\/care-coordination-and-management\/\",\"url\":\"https:\/\/bestmedcenter.com\/care-coordination-and-management\/\",\"name\":\"Care Coordination and Management - Best Medical Center\",\"isPartOf\":{\"@id\":\"https:\/\/bestmedcenter.com\/#website\"},\"primaryImageOfPage\":{\"@id\":\"https:\/\/bestmedcenter.com\/care-coordination-and-management\/#primaryimage\"},\"image\":{\"@id\":\"https:\/\/bestmedcenter.com\/care-coordination-and-management\/#primaryimage\"},\"thumbnailUrl\":\"https:\/\/bestmedcenter.com\/wp-content\/uploads\/2025\/07\/banner-coordination-1024x410.jpg\",\"datePublished\":\"2025-07-11T21:54:23+00:00\",\"dateModified\":\"2025-07-26T01:48:35+00:00\",\"breadcrumb\":{\"@id\":\"https:\/\/bestmedcenter.com\/care-coordination-and-management\/#breadcrumb\"},\"inLanguage\":\"es\",\"potentialAction\":[{\"@type\":\"ReadAction\",\"target\":[\"https:\/\/bestmedcenter.com\/care-coordination-and-management\/\"]}]},{\"@type\":\"ImageObject\",\"inLanguage\":\"es\",\"@id\":\"https:\/\/bestmedcenter.com\/care-coordination-and-management\/#primaryimage\",\"url\":\"https:\/\/bestmedcenter.com\/wp-content\/uploads\/2025\/07\/banner-coordination-1024x410.jpg\",\"contentUrl\":\"https:\/\/bestmedcenter.com\/wp-content\/uploads\/2025\/07\/banner-coordination-1024x410.jpg\"},{\"@type\":\"BreadcrumbList\",\"@id\":\"https:\/\/bestmedcenter.com\/care-coordination-and-management\/#breadcrumb\",\"itemListElement\":[{\"@type\":\"ListItem\",\"position\":1,\"name\":\"Home\",\"item\":\"https:\/\/bestmedcenter.com\/\"},{\"@type\":\"ListItem\",\"position\":2,\"name\":\"Care Coordination and Management\"}]},{\"@type\":\"WebSite\",\"@id\":\"https:\/\/bestmedcenter.com\/#website\",\"url\":\"https:\/\/bestmedcenter.com\/\",\"name\":\"Best Medical Center\",\"description\":\"\",\"potentialAction\":[{\"@type\":\"SearchAction\",\"target\":{\"@type\":\"EntryPoint\",\"urlTemplate\":\"https:\/\/bestmedcenter.com\/?s={search_term_string}\"},\"query-input\":{\"@type\":\"PropertyValueSpecification\",\"valueRequired\":true,\"valueName\":\"search_term_string\"}}],\"inLanguage\":\"es\"}]}<\/script>\n<!-- \/ Yoast SEO plugin. -->","yoast_head_json":{"title":"Care Coordination and Management - Best Medical Center","robots":{"index":"index","follow":"follow","max-snippet":"max-snippet:-1","max-image-preview":"max-image-preview:large","max-video-preview":"max-video-preview:-1"},"canonical":"https:\/\/bestmedcenter.com\/es\/care-coordination-and-management\/","og_locale":"es_ES","og_type":"article","og_title":"Care Coordination and Management - Best Medical Center","og_description":"Care Coordination and Management At Best Medical Center, our Care Coordination and Management service ensures that every part of your healthcare journey is seamlessly connected. We handle scheduling appointments, processing referrals, managing treatments, and facilitating clear communication between all of your healthcare providers. Many of our patients express how this level of coordination has made&hellip;&nbsp;Care Coordination and Management","og_url":"https:\/\/bestmedcenter.com\/es\/care-coordination-and-management\/","og_site_name":"Best Medical Center","article_modified_time":"2025-07-26T01:48:35+00:00","og_image":[{"width":1920,"height":768,"url":"https:\/\/bestmedcenter.com\/wp-content\/uploads\/2025\/07\/banner-coordination.jpg","type":"image\/jpeg"}],"twitter_card":"summary_large_image","twitter_misc":{"Tiempo de lectura":"1 minuto"},"schema":{"@context":"https:\/\/schema.org","@graph":[{"@type":"WebPage","@id":"https:\/\/bestmedcenter.com\/care-coordination-and-management\/","url":"https:\/\/bestmedcenter.com\/care-coordination-and-management\/","name":"Care Coordination and Management - Best Medical Center","isPartOf":{"@id":"https:\/\/bestmedcenter.com\/#website"},"primaryImageOfPage":{"@id":"https:\/\/bestmedcenter.com\/care-coordination-and-management\/#primaryimage"},"image":{"@id":"https:\/\/bestmedcenter.com\/care-coordination-and-management\/#primaryimage"},"thumbnailUrl":"https:\/\/bestmedcenter.com\/wp-content\/uploads\/2025\/07\/banner-coordination-1024x410.jpg","datePublished":"2025-07-11T21:54:23+00:00","dateModified":"2025-07-26T01:48:35+00:00","breadcrumb":{"@id":"https:\/\/bestmedcenter.com\/care-coordination-and-management\/#breadcrumb"},"inLanguage":"es","potentialAction":[{"@type":"ReadAction","target":["https:\/\/bestmedcenter.com\/care-coordination-and-management\/"]}]},{"@type":"ImageObject","inLanguage":"es","@id":"https:\/\/bestmedcenter.com\/care-coordination-and-management\/#primaryimage","url":"https:\/\/bestmedcenter.com\/wp-content\/uploads\/2025\/07\/banner-coordination-1024x410.jpg","contentUrl":"https:\/\/bestmedcenter.com\/wp-content\/uploads\/2025\/07\/banner-coordination-1024x410.jpg"},{"@type":"BreadcrumbList","@id":"https:\/\/bestmedcenter.com\/care-coordination-and-management\/#breadcrumb","itemListElement":[{"@type":"ListItem","position":1,"name":"Home","item":"https:\/\/bestmedcenter.com\/"},{"@type":"ListItem","position":2,"name":"Care Coordination and Management"}]},{"@type":"WebSite","@id":"https:\/\/bestmedcenter.com\/#website","url":"https:\/\/bestmedcenter.com\/","name":"Best Medical Center","description":"","potentialAction":[{"@type":"SearchAction","target":{"@type":"EntryPoint","urlTemplate":"https:\/\/bestmedcenter.com\/?s={search_term_string}"},"query-input":{"@type":"PropertyValueSpecification","valueRequired":true,"valueName":"search_term_string"}}],"inLanguage":"es"}]}},"_links":{"self":[{"href":"https:\/\/bestmedcenter.com\/es\/wp-json\/wp\/v2\/pages\/209","targetHints":{"allow":["GET"]}}],"collection":[{"href":"https:\/\/bestmedcenter.com\/es\/wp-json\/wp\/v2\/pages"}],"about":[{"href":"https:\/\/bestmedcenter.com\/es\/wp-json\/wp\/v2\/types\/page"}],"author":[{"embeddable":true,"href":"https:\/\/bestmedcenter.com\/es\/wp-json\/wp\/v2\/users\/1"}],"replies":[{"embeddable":true,"href":"https:\/\/bestmedcenter.com\/es\/wp-json\/wp\/v2\/comments?post=209"}],"version-history":[{"count":3,"href":"https:\/\/bestmedcenter.com\/es\/wp-json\/wp\/v2\/pages\/209\/revisions"}],"predecessor-version":[{"id":678,"href":"https:\/\/bestmedcenter.com\/es\/wp-json\/wp\/v2\/pages\/209\/revisions\/678"}],"wp:attachment":[{"href":"https:\/\/bestmedcenter.com\/es\/wp-json\/wp\/v2\/media?parent=209"}],"curies":[{"name":"wp","href":"https:\/\/api.w.org\/{rel}","templated":true}]}}