{"id":229,"date":"2025-07-11T23:51:21","date_gmt":"2025-07-11T23:51:21","guid":{"rendered":"https:\/\/bestmedcenter.com\/?page_id=229"},"modified":"2025-07-26T02:09:48","modified_gmt":"2025-07-26T02:09:48","slug":"ultrasound-services","status":"publish","type":"page","link":"https:\/\/bestmedcenter.com\/es\/ultrasound-services\/","title":{"rendered":"Servicios de ultrasonido"},"content":{"rendered":"<figure class=\"wp-block-image alignfull size-large\"><img loading=\"lazy\" decoding=\"async\" width=\"1024\" height=\"683\" src=\"https:\/\/bestmedcenter.com\/wp-content\/uploads\/2025\/07\/banner-ultrasound-1024x683.png\" alt=\"\" class=\"wp-image-95\" srcset=\"https:\/\/bestmedcenter.com\/wp-content\/uploads\/2025\/07\/banner-ultrasound-1024x683.png 1024w, https:\/\/bestmedcenter.com\/wp-content\/uploads\/2025\/07\/banner-ultrasound-300x200.png 300w, https:\/\/bestmedcenter.com\/wp-content\/uploads\/2025\/07\/banner-ultrasound-768x512.png 768w, https:\/\/bestmedcenter.com\/wp-content\/uploads\/2025\/07\/banner-ultrasound-18x12.png 18w, https:\/\/bestmedcenter.com\/wp-content\/uploads\/2025\/07\/banner-ultrasound-930x620.png 930w, https:\/\/bestmedcenter.com\/wp-content\/uploads\/2025\/07\/banner-ultrasound.png 1536w\" sizes=\"auto, (max-width: 1024px) 100vw, 1024px\" \/><\/figure>\n\n\n\n<h2 class=\"wp-block-heading\">Servicios de ultrasonido<\/h2>\n\n\n\n<p>Best Medical Center ofrece servicios de ultrasonido en el lugar para facilitar diagn\u00f3sticos r\u00e1pidos y precisos, adem\u00e1s de una monitorizaci\u00f3n efectiva para una amplia variedad de condiciones m\u00e9dicas, desde dolor abdominal y embarazo hasta problemas card\u00edacos y lesiones musculoesquel\u00e9ticas. <\/p>\n\n\n\n<p>Nuestra tecnolog\u00eda de imagen de alta resoluci\u00f3n garantiza claridad, mientras que nuestros t\u00e9cnicos especializados crean un entorno c\u00f3modo en todo momento.<\/p>\n\n\n\n<p>Nuestros pacientes comparten con frecuencia que nuestros servicios de ultrasonido les brindan tranquilidad al acelerar su atenci\u00f3n m\u00e9dica.<\/p>\n\n\n\n<p> Ya sea para confirmar un embarazo saludable o detectar signos tempranos de una condici\u00f3n, contar con acceso inmediato a im\u00e1genes precisas les permite tomar decisiones informadas y tener el control de su salud. \u00bfEl resultado? M\u00e1s confianza, intervenciones a tiempo y una mejora significativa en su calidad de vida.<\/p>\n\n\n\n<div class=\"wp-block-buttons is-layout-flex wp-block-buttons-is-layout-flex\">\n<div class=\"wp-block-button is-style-primary\"><a class=\"wp-block-button__link wp-element-button\" href=\"https:\/\/bestmedcenter.com\/es\/appointment\/\">Registre Su Cita<\/a><\/div>\n<\/div>\n\n\n\n<p><\/p>\n\n\n\n<p><\/p>","protected":false},"excerpt":{"rendered":"<p>Ultrasound Services Best Medical Center provides on-site ultrasound imaging to support fast, precise diagnosis and effective monitoring for a wide range of medical conditions\u2014from abdominal pain and pregnancy to cardiac concerns and musculoskeletal injuries. Our high-resolution imaging ensures clarity while our experienced technicians create a comfortable environment every step of the way. Patients frequently describe&hellip;&nbsp;<a href=\"https:\/\/bestmedcenter.com\/es\/ultrasound-services\/\" rel=\"bookmark\"><span class=\"screen-reader-text\">Servicios de ultrasonido<\/span><\/a><\/p>","protected":false},"author":1,"featured_media":0,"parent":0,"menu_order":0,"comment_status":"closed","ping_status":"closed","template":"","meta":{"neve_meta_sidebar":"","neve_meta_container":"","neve_meta_enable_content_width":"","neve_meta_content_width":0,"neve_meta_title_alignment":"","neve_meta_author_avatar":"","neve_post_elements_order":"","neve_meta_disable_header":"","neve_meta_disable_footer":"","neve_meta_disable_title":"","_themeisle_gutenberg_block_has_review":false,"_glsr_average":0,"_glsr_ranking":0,"_glsr_reviews":0,"footnotes":""},"class_list":["post-229","page","type-page","status-publish","hentry"],"yoast_head":"<!-- This site is optimized with the Yoast SEO plugin v26.8 - https:\/\/yoast.com\/product\/yoast-seo-wordpress\/ -->\n<title>Ultrasound Services - Best Medical Center<\/title>\n<meta name=\"robots\" content=\"index, follow, max-snippet:-1, max-image-preview:large, max-video-preview:-1\" \/>\n<link rel=\"canonical\" href=\"https:\/\/bestmedcenter.com\/es\/ultrasound-services\/\" \/>\n<meta property=\"og:locale\" content=\"es_ES\" \/>\n<meta property=\"og:type\" content=\"article\" \/>\n<meta property=\"og:title\" content=\"Ultrasound Services - Best Medical Center\" \/>\n<meta property=\"og:description\" content=\"Ultrasound Services Best Medical Center provides on-site ultrasound imaging to support fast, precise diagnosis and effective monitoring for a wide range of medical conditions\u2014from abdominal pain and pregnancy to cardiac concerns and musculoskeletal injuries. Our high-resolution imaging ensures clarity while our experienced technicians create a comfortable environment every step of the way. Patients frequently describe&hellip;&nbsp;Ultrasound Services\" \/>\n<meta property=\"og:url\" content=\"https:\/\/bestmedcenter.com\/es\/ultrasound-services\/\" \/>\n<meta property=\"og:site_name\" content=\"Best Medical Center\" \/>\n<meta property=\"article:modified_time\" content=\"2025-07-26T02:09:48+00:00\" \/>\n<meta property=\"og:image\" content=\"https:\/\/bestmedcenter.com\/wp-content\/uploads\/2025\/07\/banner-ultrasound-1024x683.png\" \/>\n\t<meta property=\"og:image:width\" content=\"1024\" \/>\n\t<meta property=\"og:image:height\" content=\"683\" \/>\n\t<meta property=\"og:image:type\" content=\"image\/png\" \/>\n<meta name=\"twitter:card\" content=\"summary_large_image\" \/>\n<meta name=\"twitter:label1\" content=\"Tiempo de lectura\" \/>\n\t<meta name=\"twitter:data1\" content=\"1 minuto\" \/>\n<script type=\"application\/ld+json\" class=\"yoast-schema-graph\">{\"@context\":\"https:\/\/schema.org\",\"@graph\":[{\"@type\":\"WebPage\",\"@id\":\"https:\/\/bestmedcenter.com\/ultrasound-services\/\",\"url\":\"https:\/\/bestmedcenter.com\/ultrasound-services\/\",\"name\":\"Ultrasound Services - Best Medical Center\",\"isPartOf\":{\"@id\":\"https:\/\/bestmedcenter.com\/#website\"},\"primaryImageOfPage\":{\"@id\":\"https:\/\/bestmedcenter.com\/ultrasound-services\/#primaryimage\"},\"image\":{\"@id\":\"https:\/\/bestmedcenter.com\/ultrasound-services\/#primaryimage\"},\"thumbnailUrl\":\"https:\/\/bestmedcenter.com\/wp-content\/uploads\/2025\/07\/banner-ultrasound-1024x683.png\",\"datePublished\":\"2025-07-11T23:51:21+00:00\",\"dateModified\":\"2025-07-26T02:09:48+00:00\",\"breadcrumb\":{\"@id\":\"https:\/\/bestmedcenter.com\/ultrasound-services\/#breadcrumb\"},\"inLanguage\":\"es\",\"potentialAction\":[{\"@type\":\"ReadAction\",\"target\":[\"https:\/\/bestmedcenter.com\/ultrasound-services\/\"]}]},{\"@type\":\"ImageObject\",\"inLanguage\":\"es\",\"@id\":\"https:\/\/bestmedcenter.com\/ultrasound-services\/#primaryimage\",\"url\":\"https:\/\/bestmedcenter.com\/wp-content\/uploads\/2025\/07\/banner-ultrasound-1024x683.png\",\"contentUrl\":\"https:\/\/bestmedcenter.com\/wp-content\/uploads\/2025\/07\/banner-ultrasound-1024x683.png\"},{\"@type\":\"BreadcrumbList\",\"@id\":\"https:\/\/bestmedcenter.com\/ultrasound-services\/#breadcrumb\",\"itemListElement\":[{\"@type\":\"ListItem\",\"position\":1,\"name\":\"Home\",\"item\":\"https:\/\/bestmedcenter.com\/\"},{\"@type\":\"ListItem\",\"position\":2,\"name\":\"Ultrasound Services\"}]},{\"@type\":\"WebSite\",\"@id\":\"https:\/\/bestmedcenter.com\/#website\",\"url\":\"https:\/\/bestmedcenter.com\/\",\"name\":\"Best Medical Center\",\"description\":\"\",\"potentialAction\":[{\"@type\":\"SearchAction\",\"target\":{\"@type\":\"EntryPoint\",\"urlTemplate\":\"https:\/\/bestmedcenter.com\/?s={search_term_string}\"},\"query-input\":{\"@type\":\"PropertyValueSpecification\",\"valueRequired\":true,\"valueName\":\"search_term_string\"}}],\"inLanguage\":\"es\"}]}<\/script>\n<!-- \/ Yoast SEO plugin. -->","yoast_head_json":{"title":"Ultrasound Services - Best Medical Center","robots":{"index":"index","follow":"follow","max-snippet":"max-snippet:-1","max-image-preview":"max-image-preview:large","max-video-preview":"max-video-preview:-1"},"canonical":"https:\/\/bestmedcenter.com\/es\/ultrasound-services\/","og_locale":"es_ES","og_type":"article","og_title":"Ultrasound Services - Best Medical Center","og_description":"Ultrasound Services Best Medical Center provides on-site ultrasound imaging to support fast, precise diagnosis and effective monitoring for a wide range of medical conditions\u2014from abdominal pain and pregnancy to cardiac concerns and musculoskeletal injuries. Our high-resolution imaging ensures clarity while our experienced technicians create a comfortable environment every step of the way. Patients frequently describe&hellip;&nbsp;Ultrasound Services","og_url":"https:\/\/bestmedcenter.com\/es\/ultrasound-services\/","og_site_name":"Best Medical Center","article_modified_time":"2025-07-26T02:09:48+00:00","og_image":[{"width":1024,"height":683,"url":"https:\/\/bestmedcenter.com\/wp-content\/uploads\/2025\/07\/banner-ultrasound-1024x683.png","type":"image\/png"}],"twitter_card":"summary_large_image","twitter_misc":{"Tiempo de lectura":"1 minuto"},"schema":{"@context":"https:\/\/schema.org","@graph":[{"@type":"WebPage","@id":"https:\/\/bestmedcenter.com\/ultrasound-services\/","url":"https:\/\/bestmedcenter.com\/ultrasound-services\/","name":"Ultrasound Services - Best Medical Center","isPartOf":{"@id":"https:\/\/bestmedcenter.com\/#website"},"primaryImageOfPage":{"@id":"https:\/\/bestmedcenter.com\/ultrasound-services\/#primaryimage"},"image":{"@id":"https:\/\/bestmedcenter.com\/ultrasound-services\/#primaryimage"},"thumbnailUrl":"https:\/\/bestmedcenter.com\/wp-content\/uploads\/2025\/07\/banner-ultrasound-1024x683.png","datePublished":"2025-07-11T23:51:21+00:00","dateModified":"2025-07-26T02:09:48+00:00","breadcrumb":{"@id":"https:\/\/bestmedcenter.com\/ultrasound-services\/#breadcrumb"},"inLanguage":"es","potentialAction":[{"@type":"ReadAction","target":["https:\/\/bestmedcenter.com\/ultrasound-services\/"]}]},{"@type":"ImageObject","inLanguage":"es","@id":"https:\/\/bestmedcenter.com\/ultrasound-services\/#primaryimage","url":"https:\/\/bestmedcenter.com\/wp-content\/uploads\/2025\/07\/banner-ultrasound-1024x683.png","contentUrl":"https:\/\/bestmedcenter.com\/wp-content\/uploads\/2025\/07\/banner-ultrasound-1024x683.png"},{"@type":"BreadcrumbList","@id":"https:\/\/bestmedcenter.com\/ultrasound-services\/#breadcrumb","itemListElement":[{"@type":"ListItem","position":1,"name":"Home","item":"https:\/\/bestmedcenter.com\/"},{"@type":"ListItem","position":2,"name":"Ultrasound Services"}]},{"@type":"WebSite","@id":"https:\/\/bestmedcenter.com\/#website","url":"https:\/\/bestmedcenter.com\/","name":"Best Medical Center","description":"","potentialAction":[{"@type":"SearchAction","target":{"@type":"EntryPoint","urlTemplate":"https:\/\/bestmedcenter.com\/?s={search_term_string}"},"query-input":{"@type":"PropertyValueSpecification","valueRequired":true,"valueName":"search_term_string"}}],"inLanguage":"es"}]}},"_links":{"self":[{"href":"https:\/\/bestmedcenter.com\/es\/wp-json\/wp\/v2\/pages\/229","targetHints":{"allow":["GET"]}}],"collection":[{"href":"https:\/\/bestmedcenter.com\/es\/wp-json\/wp\/v2\/pages"}],"about":[{"href":"https:\/\/bestmedcenter.com\/es\/wp-json\/wp\/v2\/types\/page"}],"author":[{"embeddable":true,"href":"https:\/\/bestmedcenter.com\/es\/wp-json\/wp\/v2\/users\/1"}],"replies":[{"embeddable":true,"href":"https:\/\/bestmedcenter.com\/es\/wp-json\/wp\/v2\/comments?post=229"}],"version-history":[{"count":3,"href":"https:\/\/bestmedcenter.com\/es\/wp-json\/wp\/v2\/pages\/229\/revisions"}],"predecessor-version":[{"id":686,"href":"https:\/\/bestmedcenter.com\/es\/wp-json\/wp\/v2\/pages\/229\/revisions\/686"}],"wp:attachment":[{"href":"https:\/\/bestmedcenter.com\/es\/wp-json\/wp\/v2\/media?parent=229"}],"curies":[{"name":"wp","href":"https:\/\/api.w.org\/{rel}","templated":true}]}}