{"id":424,"date":"2025-07-16T15:34:43","date_gmt":"2025-07-16T15:34:43","guid":{"rendered":"https:\/\/bestmedcenter.com\/?page_id=424"},"modified":"2025-07-16T15:52:20","modified_gmt":"2025-07-16T15:52:20","slug":"iv-infusion-therapy","status":"publish","type":"page","link":"https:\/\/bestmedcenter.com\/es\/iv-infusion-therapy\/","title":{"rendered":"Terapia de Infusi\u00f3n Intravenosa"},"content":{"rendered":"<figure class=\"wp-block-image alignfull size-large\"><img loading=\"lazy\" decoding=\"async\" width=\"1024\" height=\"683\" src=\"https:\/\/bestmedcenter.com\/wp-content\/uploads\/2025\/07\/IV-Infusion-Therapy-1024x683.png\" alt=\"\" class=\"wp-image-425\" srcset=\"https:\/\/bestmedcenter.com\/wp-content\/uploads\/2025\/07\/IV-Infusion-Therapy-1024x683.png 1024w, https:\/\/bestmedcenter.com\/wp-content\/uploads\/2025\/07\/IV-Infusion-Therapy-300x200.png 300w, https:\/\/bestmedcenter.com\/wp-content\/uploads\/2025\/07\/IV-Infusion-Therapy-768x512.png 768w, https:\/\/bestmedcenter.com\/wp-content\/uploads\/2025\/07\/IV-Infusion-Therapy-18x12.png 18w, https:\/\/bestmedcenter.com\/wp-content\/uploads\/2025\/07\/IV-Infusion-Therapy-930x620.png 930w, https:\/\/bestmedcenter.com\/wp-content\/uploads\/2025\/07\/IV-Infusion-Therapy.png 1536w\" sizes=\"auto, (max-width: 1024px) 100vw, 1024px\" \/><\/figure>\n\n\n\n<h2 class=\"wp-block-heading\">Terapia de Infusi\u00f3n Intravenosa<\/h2>\n\n\n\n<p class=\"translation-block\">\u00bfTe sientes agotado, con poca energ\u00eda o necesitas una recuperaci\u00f3n r\u00e1pida? En Best Medical Center, te ofrecemos la Terapia de Infusi\u00f3n IV, una soluci\u00f3n eficaz para hidratar tu cuerpo, reforzar el sistema inmunol\u00f3gico y reponer nutrientes directamente en tu sangre.<\/p>\n\n\n\n<p>Perfecto para<\/p>\n\n\n\n<ul class=\"wp-block-list\">\n<li>Fatiga Cronica<\/li>\n\n\n\n<li>Estr\u00e9s f\u00edsico o mental<\/li>\n\n\n\n<li>Reforzar defensas<\/li>\n\n\n\n<li>Recuperaci\u00f3n post-COVID o postquir\u00fargica<\/li>\n<\/ul>\n\n\n\n<p>Beneficios<\/p>\n\n\n\n<ul class=\"wp-block-list\">\n<li>Efecto r\u00e1pido<\/li>\n\n\n\n<li>Dosis precisa<\/li>\n\n\n\n<li>Atenci\u00f3n profesional en un entorno seguro y c\u00f3modo<\/li>\n<\/ul>\n\n\n\n<div class=\"wp-block-buttons is-layout-flex wp-block-buttons-is-layout-flex\">\n<div class=\"wp-block-button is-style-primary\"><a class=\"wp-block-button__link wp-element-button\" href=\"https:\/\/bestmedcenter.com\/es\/appointment\/\">Registre Su Cita<\/a><\/div>\n<\/div>\n\n\n\n<p><\/p>\n\n\n\n<p><\/p>","protected":false},"excerpt":{"rendered":"<p>IV Infusion Therapy Feeling drained, low on energy, or in need of rapid recovery? At Best Medical Center, we offer IV Infusion Therapy\u2014a powerful solution to hydrate your body, boost your immune system, and replenish nutrients directly into your bloodstream. Perfect for: Benefits:<\/p>","protected":false},"author":1,"featured_media":0,"parent":0,"menu_order":0,"comment_status":"closed","ping_status":"closed","template":"","meta":{"neve_meta_sidebar":"","neve_meta_container":"","neve_meta_enable_content_width":"","neve_meta_content_width":0,"neve_meta_title_alignment":"","neve_meta_author_avatar":"","neve_post_elements_order":"","neve_meta_disable_header":"","neve_meta_disable_footer":"","neve_meta_disable_title":"","_themeisle_gutenberg_block_has_review":false,"_glsr_average":0,"_glsr_ranking":0,"_glsr_reviews":0,"footnotes":""},"class_list":["post-424","page","type-page","status-publish","hentry"],"yoast_head":"<!-- This site is optimized with the Yoast SEO plugin v26.8 - https:\/\/yoast.com\/product\/yoast-seo-wordpress\/ -->\n<title>IV Infusion Therapy - Best Medical Center<\/title>\n<meta name=\"robots\" content=\"index, follow, max-snippet:-1, max-image-preview:large, max-video-preview:-1\" \/>\n<link rel=\"canonical\" href=\"https:\/\/bestmedcenter.com\/es\/iv-infusion-therapy\/\" \/>\n<meta property=\"og:locale\" content=\"es_ES\" \/>\n<meta property=\"og:type\" content=\"article\" \/>\n<meta property=\"og:title\" content=\"IV Infusion Therapy - Best Medical Center\" \/>\n<meta property=\"og:description\" content=\"IV Infusion Therapy Feeling drained, low on energy, or in need of rapid recovery? At Best Medical Center, we offer IV Infusion Therapy\u2014a powerful solution to hydrate your body, boost your immune system, and replenish nutrients directly into your bloodstream. Perfect for: Benefits:\" \/>\n<meta property=\"og:url\" content=\"https:\/\/bestmedcenter.com\/es\/iv-infusion-therapy\/\" \/>\n<meta property=\"og:site_name\" content=\"Best Medical Center\" \/>\n<meta property=\"article:modified_time\" content=\"2025-07-16T15:52:20+00:00\" \/>\n<meta property=\"og:image\" content=\"https:\/\/bestmedcenter.com\/wp-content\/uploads\/2025\/07\/IV-Infusion-Therapy-1024x683.png\" \/>\n\t<meta property=\"og:image:width\" content=\"1024\" \/>\n\t<meta property=\"og:image:height\" content=\"683\" \/>\n\t<meta property=\"og:image:type\" content=\"image\/png\" \/>\n<meta name=\"twitter:card\" content=\"summary_large_image\" \/>\n<meta name=\"twitter:label1\" content=\"Tiempo de lectura\" \/>\n\t<meta name=\"twitter:data1\" content=\"1 minuto\" \/>\n<script type=\"application\/ld+json\" class=\"yoast-schema-graph\">{\"@context\":\"https:\/\/schema.org\",\"@graph\":[{\"@type\":\"WebPage\",\"@id\":\"https:\/\/bestmedcenter.com\/iv-infusion-therapy\/\",\"url\":\"https:\/\/bestmedcenter.com\/iv-infusion-therapy\/\",\"name\":\"IV Infusion Therapy - Best Medical Center\",\"isPartOf\":{\"@id\":\"https:\/\/bestmedcenter.com\/#website\"},\"primaryImageOfPage\":{\"@id\":\"https:\/\/bestmedcenter.com\/iv-infusion-therapy\/#primaryimage\"},\"image\":{\"@id\":\"https:\/\/bestmedcenter.com\/iv-infusion-therapy\/#primaryimage\"},\"thumbnailUrl\":\"https:\/\/bestmedcenter.com\/wp-content\/uploads\/2025\/07\/IV-Infusion-Therapy-1024x683.png\",\"datePublished\":\"2025-07-16T15:34:43+00:00\",\"dateModified\":\"2025-07-16T15:52:20+00:00\",\"breadcrumb\":{\"@id\":\"https:\/\/bestmedcenter.com\/iv-infusion-therapy\/#breadcrumb\"},\"inLanguage\":\"es\",\"potentialAction\":[{\"@type\":\"ReadAction\",\"target\":[\"https:\/\/bestmedcenter.com\/iv-infusion-therapy\/\"]}]},{\"@type\":\"ImageObject\",\"inLanguage\":\"es\",\"@id\":\"https:\/\/bestmedcenter.com\/iv-infusion-therapy\/#primaryimage\",\"url\":\"https:\/\/bestmedcenter.com\/wp-content\/uploads\/2025\/07\/IV-Infusion-Therapy-1024x683.png\",\"contentUrl\":\"https:\/\/bestmedcenter.com\/wp-content\/uploads\/2025\/07\/IV-Infusion-Therapy-1024x683.png\"},{\"@type\":\"BreadcrumbList\",\"@id\":\"https:\/\/bestmedcenter.com\/iv-infusion-therapy\/#breadcrumb\",\"itemListElement\":[{\"@type\":\"ListItem\",\"position\":1,\"name\":\"Home\",\"item\":\"https:\/\/bestmedcenter.com\/\"},{\"@type\":\"ListItem\",\"position\":2,\"name\":\"IV Infusion Therapy\"}]},{\"@type\":\"WebSite\",\"@id\":\"https:\/\/bestmedcenter.com\/#website\",\"url\":\"https:\/\/bestmedcenter.com\/\",\"name\":\"Best Medical Center\",\"description\":\"\",\"potentialAction\":[{\"@type\":\"SearchAction\",\"target\":{\"@type\":\"EntryPoint\",\"urlTemplate\":\"https:\/\/bestmedcenter.com\/?s={search_term_string}\"},\"query-input\":{\"@type\":\"PropertyValueSpecification\",\"valueRequired\":true,\"valueName\":\"search_term_string\"}}],\"inLanguage\":\"es\"}]}<\/script>\n<!-- \/ Yoast SEO plugin. -->","yoast_head_json":{"title":"IV Infusion Therapy - Best Medical Center","robots":{"index":"index","follow":"follow","max-snippet":"max-snippet:-1","max-image-preview":"max-image-preview:large","max-video-preview":"max-video-preview:-1"},"canonical":"https:\/\/bestmedcenter.com\/es\/iv-infusion-therapy\/","og_locale":"es_ES","og_type":"article","og_title":"IV Infusion Therapy - Best Medical Center","og_description":"IV Infusion Therapy Feeling drained, low on energy, or in need of rapid recovery? At Best Medical Center, we offer IV Infusion Therapy\u2014a powerful solution to hydrate your body, boost your immune system, and replenish nutrients directly into your bloodstream. Perfect for: Benefits:","og_url":"https:\/\/bestmedcenter.com\/es\/iv-infusion-therapy\/","og_site_name":"Best Medical Center","article_modified_time":"2025-07-16T15:52:20+00:00","og_image":[{"width":1024,"height":683,"url":"https:\/\/bestmedcenter.com\/wp-content\/uploads\/2025\/07\/IV-Infusion-Therapy-1024x683.png","type":"image\/png"}],"twitter_card":"summary_large_image","twitter_misc":{"Tiempo de lectura":"1 minuto"},"schema":{"@context":"https:\/\/schema.org","@graph":[{"@type":"WebPage","@id":"https:\/\/bestmedcenter.com\/iv-infusion-therapy\/","url":"https:\/\/bestmedcenter.com\/iv-infusion-therapy\/","name":"IV Infusion Therapy - Best Medical Center","isPartOf":{"@id":"https:\/\/bestmedcenter.com\/#website"},"primaryImageOfPage":{"@id":"https:\/\/bestmedcenter.com\/iv-infusion-therapy\/#primaryimage"},"image":{"@id":"https:\/\/bestmedcenter.com\/iv-infusion-therapy\/#primaryimage"},"thumbnailUrl":"https:\/\/bestmedcenter.com\/wp-content\/uploads\/2025\/07\/IV-Infusion-Therapy-1024x683.png","datePublished":"2025-07-16T15:34:43+00:00","dateModified":"2025-07-16T15:52:20+00:00","breadcrumb":{"@id":"https:\/\/bestmedcenter.com\/iv-infusion-therapy\/#breadcrumb"},"inLanguage":"es","potentialAction":[{"@type":"ReadAction","target":["https:\/\/bestmedcenter.com\/iv-infusion-therapy\/"]}]},{"@type":"ImageObject","inLanguage":"es","@id":"https:\/\/bestmedcenter.com\/iv-infusion-therapy\/#primaryimage","url":"https:\/\/bestmedcenter.com\/wp-content\/uploads\/2025\/07\/IV-Infusion-Therapy-1024x683.png","contentUrl":"https:\/\/bestmedcenter.com\/wp-content\/uploads\/2025\/07\/IV-Infusion-Therapy-1024x683.png"},{"@type":"BreadcrumbList","@id":"https:\/\/bestmedcenter.com\/iv-infusion-therapy\/#breadcrumb","itemListElement":[{"@type":"ListItem","position":1,"name":"Home","item":"https:\/\/bestmedcenter.com\/"},{"@type":"ListItem","position":2,"name":"IV Infusion Therapy"}]},{"@type":"WebSite","@id":"https:\/\/bestmedcenter.com\/#website","url":"https:\/\/bestmedcenter.com\/","name":"Best Medical Center","description":"","potentialAction":[{"@type":"SearchAction","target":{"@type":"EntryPoint","urlTemplate":"https:\/\/bestmedcenter.com\/?s={search_term_string}"},"query-input":{"@type":"PropertyValueSpecification","valueRequired":true,"valueName":"search_term_string"}}],"inLanguage":"es"}]}},"_links":{"self":[{"href":"https:\/\/bestmedcenter.com\/es\/wp-json\/wp\/v2\/pages\/424","targetHints":{"allow":["GET"]}}],"collection":[{"href":"https:\/\/bestmedcenter.com\/es\/wp-json\/wp\/v2\/pages"}],"about":[{"href":"https:\/\/bestmedcenter.com\/es\/wp-json\/wp\/v2\/types\/page"}],"author":[{"embeddable":true,"href":"https:\/\/bestmedcenter.com\/es\/wp-json\/wp\/v2\/users\/1"}],"replies":[{"embeddable":true,"href":"https:\/\/bestmedcenter.com\/es\/wp-json\/wp\/v2\/comments?post=424"}],"version-history":[{"count":3,"href":"https:\/\/bestmedcenter.com\/es\/wp-json\/wp\/v2\/pages\/424\/revisions"}],"predecessor-version":[{"id":429,"href":"https:\/\/bestmedcenter.com\/es\/wp-json\/wp\/v2\/pages\/424\/revisions\/429"}],"wp:attachment":[{"href":"https:\/\/bestmedcenter.com\/es\/wp-json\/wp\/v2\/media?parent=424"}],"curies":[{"name":"wp","href":"https:\/\/api.w.org\/{rel}","templated":true}]}}