{"id":482,"date":"2025-07-17T01:45:56","date_gmt":"2025-07-17T01:45:56","guid":{"rendered":"https:\/\/bestmedcenter.com\/?page_id=482"},"modified":"2025-07-17T02:01:05","modified_gmt":"2025-07-17T02:01:05","slug":"solis-health-plans","status":"publish","type":"page","link":"https:\/\/bestmedcenter.com\/es\/solis-health-plans\/","title":{"rendered":"Plan de Salud Solis"},"content":{"rendered":"<figure class=\"wp-block-image size-large\"><img loading=\"lazy\" decoding=\"async\" width=\"1024\" height=\"683\" src=\"https:\/\/bestmedcenter.com\/wp-content\/uploads\/2025\/07\/solis-1024x683.png\" alt=\"\" class=\"wp-image-483\" srcset=\"https:\/\/bestmedcenter.com\/wp-content\/uploads\/2025\/07\/solis-1024x683.png 1024w, https:\/\/bestmedcenter.com\/wp-content\/uploads\/2025\/07\/solis-300x200.png 300w, https:\/\/bestmedcenter.com\/wp-content\/uploads\/2025\/07\/solis-768x512.png 768w, https:\/\/bestmedcenter.com\/wp-content\/uploads\/2025\/07\/solis-18x12.png 18w, https:\/\/bestmedcenter.com\/wp-content\/uploads\/2025\/07\/solis-930x620.png 930w, https:\/\/bestmedcenter.com\/wp-content\/uploads\/2025\/07\/solis.png 1536w\" sizes=\"auto, (max-width: 1024px) 100vw, 1024px\" \/><\/figure>\n\n\n\n<h2 class=\"wp-block-heading\">Plan de Salud Solis<\/h2>\n\n\n\n<p class=\"translation-block\">Solis Health Plans es una compa\u00f1\u00eda de seguros especializada en planes Medicare Advantage, dise\u00f1ada para brindar una atenci\u00f3n m\u00e9dica integral, eficiente y centrada en el paciente. Su enfoque comunitario y local les permite ofrecer beneficios ampliados y servicios personalizados para residentes de Florida.<\/p>\n\n\n\n<p>\u00bfQu\u00e9 ofrece Solis?<\/p>\n\n\n\n<ul class=\"wp-block-list\">\n<li class=\"translation-block\">Cobertura completa de Medicare Parte A, B y D<\/li>\n\n\n\n<li>Acceso a una amplia red de m\u00e9dicos, hospitales y farmacias<\/li>\n\n\n\n<li class=\"translation-block\">$0 copago en visitas m\u00e9dicas primarias y especialistas<\/li>\n\n\n\n<li>Extra benefits including:\n<ul class=\"wp-block-list\">\n<li>OTC allowance (non-prescription meds, vitamins)<\/li>\n\n\n\n<li>Flex allowance for vision, dental, and hearing<\/li>\n\n\n\n<li>Healthy Living program (food, transportation, pets, rent)<\/li>\n\n\n\n<li>Quarterly rewards for preventive checkups<\/li>\n<\/ul>\n<\/li>\n\n\n\n<li>Bilingual support and member-focused service<\/li>\n<\/ul>\n\n\n\n<p>Atenci\u00f3n personalizada y soporte en espa\u00f1ol<\/p>\n\n\n\n<div class=\"wp-block-buttons is-layout-flex wp-block-buttons-is-layout-flex\">\n<div class=\"wp-block-button is-style-primary\"><a class=\"wp-block-button__link wp-element-button\" href=\"https:\/\/www.solishealthplans.com\/\">Mas Informacion<\/a><\/div>\n<\/div>\n\n\n\n<p><\/p>\n\n\n\n<p><\/p>","protected":false},"excerpt":{"rendered":"<p>Solis Health Plans Solis Health Plans is a Medicare Advantage insurance company offering comprehensive coverage with a strong focus on community care and member satisfaction. Based in Florida, Solis provides expanded benefits and personalized services to meet the needs of local residents. What does Solis offer? Available in multiple Florida counties<\/p>","protected":false},"author":1,"featured_media":0,"parent":0,"menu_order":0,"comment_status":"closed","ping_status":"closed","template":"","meta":{"neve_meta_sidebar":"","neve_meta_container":"","neve_meta_enable_content_width":"","neve_meta_content_width":0,"neve_meta_title_alignment":"","neve_meta_author_avatar":"","neve_post_elements_order":"","neve_meta_disable_header":"","neve_meta_disable_footer":"","neve_meta_disable_title":"","_themeisle_gutenberg_block_has_review":false,"_glsr_average":0,"_glsr_ranking":0,"_glsr_reviews":0,"footnotes":""},"class_list":["post-482","page","type-page","status-publish","hentry"],"yoast_head":"<!-- This site is optimized with the Yoast SEO plugin v26.8 - https:\/\/yoast.com\/product\/yoast-seo-wordpress\/ -->\n<title>Solis Health Plans - Best Medical Center<\/title>\n<meta name=\"robots\" content=\"index, follow, max-snippet:-1, max-image-preview:large, max-video-preview:-1\" \/>\n<link rel=\"canonical\" href=\"https:\/\/bestmedcenter.com\/es\/solis-health-plans\/\" \/>\n<meta property=\"og:locale\" content=\"es_ES\" \/>\n<meta property=\"og:type\" content=\"article\" \/>\n<meta property=\"og:title\" content=\"Solis Health Plans - Best Medical Center\" \/>\n<meta property=\"og:description\" content=\"Solis Health Plans Solis Health Plans is a Medicare Advantage insurance company offering comprehensive coverage with a strong focus on community care and member satisfaction. Based in Florida, Solis provides expanded benefits and personalized services to meet the needs of local residents. What does Solis offer? Available in multiple Florida counties\" \/>\n<meta property=\"og:url\" content=\"https:\/\/bestmedcenter.com\/es\/solis-health-plans\/\" \/>\n<meta property=\"og:site_name\" content=\"Best Medical Center\" \/>\n<meta property=\"article:modified_time\" content=\"2025-07-17T02:01:05+00:00\" \/>\n<meta property=\"og:image\" content=\"https:\/\/bestmedcenter.com\/wp-content\/uploads\/2025\/07\/solis-1024x683.png\" \/>\n\t<meta property=\"og:image:width\" content=\"1024\" \/>\n\t<meta property=\"og:image:height\" content=\"683\" \/>\n\t<meta property=\"og:image:type\" content=\"image\/png\" \/>\n<meta name=\"twitter:card\" content=\"summary_large_image\" \/>\n<meta name=\"twitter:label1\" content=\"Tiempo de lectura\" \/>\n\t<meta name=\"twitter:data1\" content=\"1 minuto\" \/>\n<script type=\"application\/ld+json\" class=\"yoast-schema-graph\">{\"@context\":\"https:\/\/schema.org\",\"@graph\":[{\"@type\":\"WebPage\",\"@id\":\"https:\/\/bestmedcenter.com\/solis-health-plans\/\",\"url\":\"https:\/\/bestmedcenter.com\/solis-health-plans\/\",\"name\":\"Solis Health Plans - Best Medical Center\",\"isPartOf\":{\"@id\":\"https:\/\/bestmedcenter.com\/#website\"},\"primaryImageOfPage\":{\"@id\":\"https:\/\/bestmedcenter.com\/solis-health-plans\/#primaryimage\"},\"image\":{\"@id\":\"https:\/\/bestmedcenter.com\/solis-health-plans\/#primaryimage\"},\"thumbnailUrl\":\"https:\/\/bestmedcenter.com\/wp-content\/uploads\/2025\/07\/solis-1024x683.png\",\"datePublished\":\"2025-07-17T01:45:56+00:00\",\"dateModified\":\"2025-07-17T02:01:05+00:00\",\"breadcrumb\":{\"@id\":\"https:\/\/bestmedcenter.com\/solis-health-plans\/#breadcrumb\"},\"inLanguage\":\"es\",\"potentialAction\":[{\"@type\":\"ReadAction\",\"target\":[\"https:\/\/bestmedcenter.com\/solis-health-plans\/\"]}]},{\"@type\":\"ImageObject\",\"inLanguage\":\"es\",\"@id\":\"https:\/\/bestmedcenter.com\/solis-health-plans\/#primaryimage\",\"url\":\"https:\/\/bestmedcenter.com\/wp-content\/uploads\/2025\/07\/solis-1024x683.png\",\"contentUrl\":\"https:\/\/bestmedcenter.com\/wp-content\/uploads\/2025\/07\/solis-1024x683.png\"},{\"@type\":\"BreadcrumbList\",\"@id\":\"https:\/\/bestmedcenter.com\/solis-health-plans\/#breadcrumb\",\"itemListElement\":[{\"@type\":\"ListItem\",\"position\":1,\"name\":\"Home\",\"item\":\"https:\/\/bestmedcenter.com\/\"},{\"@type\":\"ListItem\",\"position\":2,\"name\":\"Solis Health Plans\"}]},{\"@type\":\"WebSite\",\"@id\":\"https:\/\/bestmedcenter.com\/#website\",\"url\":\"https:\/\/bestmedcenter.com\/\",\"name\":\"Best Medical Center\",\"description\":\"\",\"potentialAction\":[{\"@type\":\"SearchAction\",\"target\":{\"@type\":\"EntryPoint\",\"urlTemplate\":\"https:\/\/bestmedcenter.com\/?s={search_term_string}\"},\"query-input\":{\"@type\":\"PropertyValueSpecification\",\"valueRequired\":true,\"valueName\":\"search_term_string\"}}],\"inLanguage\":\"es\"}]}<\/script>\n<!-- \/ Yoast SEO plugin. -->","yoast_head_json":{"title":"Solis Health Plans - Best Medical Center","robots":{"index":"index","follow":"follow","max-snippet":"max-snippet:-1","max-image-preview":"max-image-preview:large","max-video-preview":"max-video-preview:-1"},"canonical":"https:\/\/bestmedcenter.com\/es\/solis-health-plans\/","og_locale":"es_ES","og_type":"article","og_title":"Solis Health Plans - Best Medical Center","og_description":"Solis Health Plans Solis Health Plans is a Medicare Advantage insurance company offering comprehensive coverage with a strong focus on community care and member satisfaction. Based in Florida, Solis provides expanded benefits and personalized services to meet the needs of local residents. What does Solis offer? Available in multiple Florida counties","og_url":"https:\/\/bestmedcenter.com\/es\/solis-health-plans\/","og_site_name":"Best Medical Center","article_modified_time":"2025-07-17T02:01:05+00:00","og_image":[{"width":1024,"height":683,"url":"https:\/\/bestmedcenter.com\/wp-content\/uploads\/2025\/07\/solis-1024x683.png","type":"image\/png"}],"twitter_card":"summary_large_image","twitter_misc":{"Tiempo de lectura":"1 minuto"},"schema":{"@context":"https:\/\/schema.org","@graph":[{"@type":"WebPage","@id":"https:\/\/bestmedcenter.com\/solis-health-plans\/","url":"https:\/\/bestmedcenter.com\/solis-health-plans\/","name":"Solis Health Plans - Best Medical Center","isPartOf":{"@id":"https:\/\/bestmedcenter.com\/#website"},"primaryImageOfPage":{"@id":"https:\/\/bestmedcenter.com\/solis-health-plans\/#primaryimage"},"image":{"@id":"https:\/\/bestmedcenter.com\/solis-health-plans\/#primaryimage"},"thumbnailUrl":"https:\/\/bestmedcenter.com\/wp-content\/uploads\/2025\/07\/solis-1024x683.png","datePublished":"2025-07-17T01:45:56+00:00","dateModified":"2025-07-17T02:01:05+00:00","breadcrumb":{"@id":"https:\/\/bestmedcenter.com\/solis-health-plans\/#breadcrumb"},"inLanguage":"es","potentialAction":[{"@type":"ReadAction","target":["https:\/\/bestmedcenter.com\/solis-health-plans\/"]}]},{"@type":"ImageObject","inLanguage":"es","@id":"https:\/\/bestmedcenter.com\/solis-health-plans\/#primaryimage","url":"https:\/\/bestmedcenter.com\/wp-content\/uploads\/2025\/07\/solis-1024x683.png","contentUrl":"https:\/\/bestmedcenter.com\/wp-content\/uploads\/2025\/07\/solis-1024x683.png"},{"@type":"BreadcrumbList","@id":"https:\/\/bestmedcenter.com\/solis-health-plans\/#breadcrumb","itemListElement":[{"@type":"ListItem","position":1,"name":"Home","item":"https:\/\/bestmedcenter.com\/"},{"@type":"ListItem","position":2,"name":"Solis Health Plans"}]},{"@type":"WebSite","@id":"https:\/\/bestmedcenter.com\/#website","url":"https:\/\/bestmedcenter.com\/","name":"Best Medical Center","description":"","potentialAction":[{"@type":"SearchAction","target":{"@type":"EntryPoint","urlTemplate":"https:\/\/bestmedcenter.com\/?s={search_term_string}"},"query-input":{"@type":"PropertyValueSpecification","valueRequired":true,"valueName":"search_term_string"}}],"inLanguage":"es"}]}},"_links":{"self":[{"href":"https:\/\/bestmedcenter.com\/es\/wp-json\/wp\/v2\/pages\/482","targetHints":{"allow":["GET"]}}],"collection":[{"href":"https:\/\/bestmedcenter.com\/es\/wp-json\/wp\/v2\/pages"}],"about":[{"href":"https:\/\/bestmedcenter.com\/es\/wp-json\/wp\/v2\/types\/page"}],"author":[{"embeddable":true,"href":"https:\/\/bestmedcenter.com\/es\/wp-json\/wp\/v2\/users\/1"}],"replies":[{"embeddable":true,"href":"https:\/\/bestmedcenter.com\/es\/wp-json\/wp\/v2\/comments?post=482"}],"version-history":[{"count":2,"href":"https:\/\/bestmedcenter.com\/es\/wp-json\/wp\/v2\/pages\/482\/revisions"}],"predecessor-version":[{"id":487,"href":"https:\/\/bestmedcenter.com\/es\/wp-json\/wp\/v2\/pages\/482\/revisions\/487"}],"wp:attachment":[{"href":"https:\/\/bestmedcenter.com\/es\/wp-json\/wp\/v2\/media?parent=482"}],"curies":[{"name":"wp","href":"https:\/\/api.w.org\/{rel}","templated":true}]}}