{"id":593,"date":"2025-07-18T05:13:07","date_gmt":"2025-07-18T05:13:07","guid":{"rendered":"https:\/\/bestmedcenter.com\/?page_id=593"},"modified":"2025-07-28T20:39:45","modified_gmt":"2025-07-28T20:39:45","slug":"aetna-better-health","status":"publish","type":"page","link":"https:\/\/bestmedcenter.com\/es\/aetna-better-health\/","title":{"rendered":"Aetna Better Health"},"content":{"rendered":"<figure class=\"wp-block-image size-large\"><img loading=\"lazy\" decoding=\"async\" width=\"1024\" height=\"683\" src=\"https:\/\/bestmedcenter.com\/wp-content\/uploads\/2025\/07\/aetna-2-1024x683.png\" alt=\"\" class=\"wp-image-594\" srcset=\"https:\/\/bestmedcenter.com\/wp-content\/uploads\/2025\/07\/aetna-2-1024x683.png 1024w, https:\/\/bestmedcenter.com\/wp-content\/uploads\/2025\/07\/aetna-2-300x200.png 300w, https:\/\/bestmedcenter.com\/wp-content\/uploads\/2025\/07\/aetna-2-768x512.png 768w, https:\/\/bestmedcenter.com\/wp-content\/uploads\/2025\/07\/aetna-2-18x12.png 18w, https:\/\/bestmedcenter.com\/wp-content\/uploads\/2025\/07\/aetna-2-930x620.png 930w, https:\/\/bestmedcenter.com\/wp-content\/uploads\/2025\/07\/aetna-2.png 1536w\" sizes=\"auto, (max-width: 1024px) 100vw, 1024px\" \/><\/figure>\n\n\n\n<h2 class=\"wp-block-heading\"><a href=\"https:\/\/bestmedcenter.com\/es\/aetna-better-health\/\">Aetna Better Health<\/a> <\/h2>\n\n\n\n<p class=\"translation-block\">Aetna Better Health es una divisi\u00f3n de Aetna, parte del grupo CVS Health, especializada en ofrecer planes de salud para personas que califican para Medicaid, Medicare, y programas como CHIP (Seguro M\u00e9dico para Ni\u00f1os). Su misi\u00f3n es brindar atenci\u00f3n m\u00e9dica accesible, coordinada y centrada en el bienestar integral de sus miembros.<\/p>\n\n\n\n<p>\u00bfQu\u00e9 ofrece?<\/p>\n\n\n\n<ul class=\"wp-block-list\">\n<li class=\"translation-block\">Planes de Medicaid gestionado en m\u00faltiples estados<\/li>\n\n\n\n<li>Cobertura para personas mayores, con discapacidades, o con necesidades especiales<\/li>\n\n\n\n<li>Servicios de salud mental, atenci\u00f3n preventiva y apoyo comunitario<\/li>\n\n\n\n<li>Programas de atenci\u00f3n a largo plazo (LTSS) y condiciones cr\u00f3nicas<\/li>\n\n\n\n<li>Recursos educativos, atenci\u00f3n virtual y herramientas digitales para el manejo de la salud<\/li>\n\n\n\n<li>Apoyo biling\u00fce y enfoque culturalmente sensible<\/li>\n<\/ul>\n\n\n\n<p>Disponible en varios estados de EE. UU., incluyendo Florida, Illinois, Texas, Virginia, entre otros<\/p>\n\n\n\n<div class=\"wp-block-buttons is-layout-flex wp-block-buttons-is-layout-flex\">\n<div class=\"wp-block-button is-style-primary\"><a class=\"wp-block-button__link wp-element-button\" href=\"https:\/\/www.aetnabetterhealth.com\/\">Mas Informacion<\/a><\/div>\n<\/div>\n\n\n\n<p><\/p>","protected":false},"excerpt":{"rendered":"<p>Aetna Better Health Aetna Better Health, part of CVS Health, provides managed care plans for individuals who qualify for Medicaid, Medicare, and programs like CHIP (Children\u2019s Health Insurance Program). Their goal is to deliver accessible, coordinated care focused on whole-person health. What does it offer? Available in several U.S. states including Florida, Illinois, Texas, Virginia,&hellip;&nbsp;<a href=\"https:\/\/bestmedcenter.com\/es\/aetna-better-health\/\" rel=\"bookmark\"><span class=\"screen-reader-text\">Aetna Better Health<\/span><\/a><\/p>","protected":false},"author":1,"featured_media":0,"parent":0,"menu_order":0,"comment_status":"closed","ping_status":"closed","template":"","meta":{"neve_meta_sidebar":"","neve_meta_container":"","neve_meta_enable_content_width":"","neve_meta_content_width":0,"neve_meta_title_alignment":"","neve_meta_author_avatar":"","neve_post_elements_order":"","neve_meta_disable_header":"","neve_meta_disable_footer":"","neve_meta_disable_title":"","_themeisle_gutenberg_block_has_review":false,"_glsr_average":0,"_glsr_ranking":0,"_glsr_reviews":0,"footnotes":""},"class_list":["post-593","page","type-page","status-publish","hentry"],"yoast_head":"<!-- This site is optimized with the Yoast SEO plugin v26.8 - https:\/\/yoast.com\/product\/yoast-seo-wordpress\/ -->\n<title>Aetna Better Health - Best Medical Center<\/title>\n<meta name=\"robots\" content=\"index, follow, max-snippet:-1, max-image-preview:large, max-video-preview:-1\" \/>\n<link rel=\"canonical\" href=\"https:\/\/bestmedcenter.com\/es\/aetna-better-health\/\" \/>\n<meta property=\"og:locale\" content=\"es_ES\" \/>\n<meta property=\"og:type\" content=\"article\" \/>\n<meta property=\"og:title\" content=\"Aetna Better Health - Best Medical Center\" \/>\n<meta property=\"og:description\" content=\"Aetna Better Health Aetna Better Health, part of CVS Health, provides managed care plans for individuals who qualify for Medicaid, Medicare, and programs like CHIP (Children\u2019s Health Insurance Program). Their goal is to deliver accessible, coordinated care focused on whole-person health. What does it offer? Available in several U.S. states including Florida, Illinois, Texas, Virginia,&hellip;&nbsp;Aetna Better Health\" \/>\n<meta property=\"og:url\" content=\"https:\/\/bestmedcenter.com\/es\/aetna-better-health\/\" \/>\n<meta property=\"og:site_name\" content=\"Best Medical Center\" \/>\n<meta property=\"article:modified_time\" content=\"2025-07-28T20:39:45+00:00\" \/>\n<meta property=\"og:image\" content=\"https:\/\/bestmedcenter.com\/wp-content\/uploads\/2025\/07\/aetna-2-1024x683.png\" \/>\n\t<meta property=\"og:image:width\" content=\"1024\" \/>\n\t<meta property=\"og:image:height\" content=\"683\" \/>\n\t<meta property=\"og:image:type\" content=\"image\/png\" \/>\n<meta name=\"twitter:card\" content=\"summary_large_image\" \/>\n<meta name=\"twitter:label1\" content=\"Tiempo de lectura\" \/>\n\t<meta name=\"twitter:data1\" content=\"1 minuto\" \/>\n<script type=\"application\/ld+json\" class=\"yoast-schema-graph\">{\"@context\":\"https:\/\/schema.org\",\"@graph\":[{\"@type\":\"WebPage\",\"@id\":\"https:\/\/bestmedcenter.com\/aetna-better-health\/\",\"url\":\"https:\/\/bestmedcenter.com\/aetna-better-health\/\",\"name\":\"Aetna Better Health - Best Medical Center\",\"isPartOf\":{\"@id\":\"https:\/\/bestmedcenter.com\/#website\"},\"primaryImageOfPage\":{\"@id\":\"https:\/\/bestmedcenter.com\/aetna-better-health\/#primaryimage\"},\"image\":{\"@id\":\"https:\/\/bestmedcenter.com\/aetna-better-health\/#primaryimage\"},\"thumbnailUrl\":\"https:\/\/bestmedcenter.com\/wp-content\/uploads\/2025\/07\/aetna-2-1024x683.png\",\"datePublished\":\"2025-07-18T05:13:07+00:00\",\"dateModified\":\"2025-07-28T20:39:45+00:00\",\"breadcrumb\":{\"@id\":\"https:\/\/bestmedcenter.com\/aetna-better-health\/#breadcrumb\"},\"inLanguage\":\"es\",\"potentialAction\":[{\"@type\":\"ReadAction\",\"target\":[\"https:\/\/bestmedcenter.com\/aetna-better-health\/\"]}]},{\"@type\":\"ImageObject\",\"inLanguage\":\"es\",\"@id\":\"https:\/\/bestmedcenter.com\/aetna-better-health\/#primaryimage\",\"url\":\"https:\/\/bestmedcenter.com\/wp-content\/uploads\/2025\/07\/aetna-2-1024x683.png\",\"contentUrl\":\"https:\/\/bestmedcenter.com\/wp-content\/uploads\/2025\/07\/aetna-2-1024x683.png\"},{\"@type\":\"BreadcrumbList\",\"@id\":\"https:\/\/bestmedcenter.com\/aetna-better-health\/#breadcrumb\",\"itemListElement\":[{\"@type\":\"ListItem\",\"position\":1,\"name\":\"Home\",\"item\":\"https:\/\/bestmedcenter.com\/\"},{\"@type\":\"ListItem\",\"position\":2,\"name\":\"Aetna Better Health\"}]},{\"@type\":\"WebSite\",\"@id\":\"https:\/\/bestmedcenter.com\/#website\",\"url\":\"https:\/\/bestmedcenter.com\/\",\"name\":\"Best Medical Center\",\"description\":\"\",\"potentialAction\":[{\"@type\":\"SearchAction\",\"target\":{\"@type\":\"EntryPoint\",\"urlTemplate\":\"https:\/\/bestmedcenter.com\/?s={search_term_string}\"},\"query-input\":{\"@type\":\"PropertyValueSpecification\",\"valueRequired\":true,\"valueName\":\"search_term_string\"}}],\"inLanguage\":\"es\"}]}<\/script>\n<!-- \/ Yoast SEO plugin. -->","yoast_head_json":{"title":"Aetna Better Health - Best Medical Center","robots":{"index":"index","follow":"follow","max-snippet":"max-snippet:-1","max-image-preview":"max-image-preview:large","max-video-preview":"max-video-preview:-1"},"canonical":"https:\/\/bestmedcenter.com\/es\/aetna-better-health\/","og_locale":"es_ES","og_type":"article","og_title":"Aetna Better Health - Best Medical Center","og_description":"Aetna Better Health Aetna Better Health, part of CVS Health, provides managed care plans for individuals who qualify for Medicaid, Medicare, and programs like CHIP (Children\u2019s Health Insurance Program). Their goal is to deliver accessible, coordinated care focused on whole-person health. What does it offer? Available in several U.S. states including Florida, Illinois, Texas, Virginia,&hellip;&nbsp;Aetna Better Health","og_url":"https:\/\/bestmedcenter.com\/es\/aetna-better-health\/","og_site_name":"Best Medical Center","article_modified_time":"2025-07-28T20:39:45+00:00","og_image":[{"width":1024,"height":683,"url":"https:\/\/bestmedcenter.com\/wp-content\/uploads\/2025\/07\/aetna-2-1024x683.png","type":"image\/png"}],"twitter_card":"summary_large_image","twitter_misc":{"Tiempo de lectura":"1 minuto"},"schema":{"@context":"https:\/\/schema.org","@graph":[{"@type":"WebPage","@id":"https:\/\/bestmedcenter.com\/aetna-better-health\/","url":"https:\/\/bestmedcenter.com\/aetna-better-health\/","name":"Aetna Better Health - Best Medical Center","isPartOf":{"@id":"https:\/\/bestmedcenter.com\/#website"},"primaryImageOfPage":{"@id":"https:\/\/bestmedcenter.com\/aetna-better-health\/#primaryimage"},"image":{"@id":"https:\/\/bestmedcenter.com\/aetna-better-health\/#primaryimage"},"thumbnailUrl":"https:\/\/bestmedcenter.com\/wp-content\/uploads\/2025\/07\/aetna-2-1024x683.png","datePublished":"2025-07-18T05:13:07+00:00","dateModified":"2025-07-28T20:39:45+00:00","breadcrumb":{"@id":"https:\/\/bestmedcenter.com\/aetna-better-health\/#breadcrumb"},"inLanguage":"es","potentialAction":[{"@type":"ReadAction","target":["https:\/\/bestmedcenter.com\/aetna-better-health\/"]}]},{"@type":"ImageObject","inLanguage":"es","@id":"https:\/\/bestmedcenter.com\/aetna-better-health\/#primaryimage","url":"https:\/\/bestmedcenter.com\/wp-content\/uploads\/2025\/07\/aetna-2-1024x683.png","contentUrl":"https:\/\/bestmedcenter.com\/wp-content\/uploads\/2025\/07\/aetna-2-1024x683.png"},{"@type":"BreadcrumbList","@id":"https:\/\/bestmedcenter.com\/aetna-better-health\/#breadcrumb","itemListElement":[{"@type":"ListItem","position":1,"name":"Home","item":"https:\/\/bestmedcenter.com\/"},{"@type":"ListItem","position":2,"name":"Aetna Better Health"}]},{"@type":"WebSite","@id":"https:\/\/bestmedcenter.com\/#website","url":"https:\/\/bestmedcenter.com\/","name":"Best Medical Center","description":"","potentialAction":[{"@type":"SearchAction","target":{"@type":"EntryPoint","urlTemplate":"https:\/\/bestmedcenter.com\/?s={search_term_string}"},"query-input":{"@type":"PropertyValueSpecification","valueRequired":true,"valueName":"search_term_string"}}],"inLanguage":"es"}]}},"_links":{"self":[{"href":"https:\/\/bestmedcenter.com\/es\/wp-json\/wp\/v2\/pages\/593","targetHints":{"allow":["GET"]}}],"collection":[{"href":"https:\/\/bestmedcenter.com\/es\/wp-json\/wp\/v2\/pages"}],"about":[{"href":"https:\/\/bestmedcenter.com\/es\/wp-json\/wp\/v2\/types\/page"}],"author":[{"embeddable":true,"href":"https:\/\/bestmedcenter.com\/es\/wp-json\/wp\/v2\/users\/1"}],"replies":[{"embeddable":true,"href":"https:\/\/bestmedcenter.com\/es\/wp-json\/wp\/v2\/comments?post=593"}],"version-history":[{"count":3,"href":"https:\/\/bestmedcenter.com\/es\/wp-json\/wp\/v2\/pages\/593\/revisions"}],"predecessor-version":[{"id":706,"href":"https:\/\/bestmedcenter.com\/es\/wp-json\/wp\/v2\/pages\/593\/revisions\/706"}],"wp:attachment":[{"href":"https:\/\/bestmedcenter.com\/es\/wp-json\/wp\/v2\/media?parent=593"}],"curies":[{"name":"wp","href":"https:\/\/api.w.org\/{rel}","templated":true}]}}