{"id":597,"date":"2025-07-18T05:27:46","date_gmt":"2025-07-18T05:27:46","guid":{"rendered":"https:\/\/bestmedcenter.com\/?page_id=597"},"modified":"2025-07-18T05:33:40","modified_gmt":"2025-07-18T05:33:40","slug":"aetna-commercial","status":"publish","type":"page","link":"https:\/\/bestmedcenter.com\/es\/aetna-commercial\/","title":{"rendered":"Aetna Commercial"},"content":{"rendered":"<figure class=\"wp-block-image size-large\"><img loading=\"lazy\" decoding=\"async\" width=\"1024\" height=\"683\" src=\"https:\/\/bestmedcenter.com\/wp-content\/uploads\/2025\/07\/aetna-commercial-1024x683.png\" alt=\"\" class=\"wp-image-598\" srcset=\"https:\/\/bestmedcenter.com\/wp-content\/uploads\/2025\/07\/aetna-commercial-1024x683.png 1024w, https:\/\/bestmedcenter.com\/wp-content\/uploads\/2025\/07\/aetna-commercial-300x200.png 300w, https:\/\/bestmedcenter.com\/wp-content\/uploads\/2025\/07\/aetna-commercial-768x512.png 768w, https:\/\/bestmedcenter.com\/wp-content\/uploads\/2025\/07\/aetna-commercial-18x12.png 18w, https:\/\/bestmedcenter.com\/wp-content\/uploads\/2025\/07\/aetna-commercial-930x620.png 930w, https:\/\/bestmedcenter.com\/wp-content\/uploads\/2025\/07\/aetna-commercial.png 1536w\" sizes=\"auto, (max-width: 1024px) 100vw, 1024px\" \/><\/figure>\n\n\n\n<h2 class=\"wp-block-heading\">Aetna Commercial \u2013 Cobertura m\u00e9dica privada para individuos y empresas<\/h2>\n\n\n\n<p class=\"translation-block\">Aetna Commercial Health Insurance, parte de CVS Health, ofrece planes m\u00e9dicos privados para individuos, familias, estudiantes, trabajadores por horas y grupos empresariales. Su enfoque est\u00e1 en brindar una experiencia m\u00e9dica completa, conectada y asequible, adaptada a las necesidades de cada cliente.<\/p>\n\n\n\n<p>\u00bfQu\u00e9 ofrece?<\/p>\n\n\n\n<ul class=\"wp-block-list\">\n<li>Planes tradicionales y dirigidos por el consumidor (HMO, PPO, EPO, POS)<\/li>\n\n\n\n<li>Cobertura m\u00e9dica, dental, de visi\u00f3n, salud mental y bienestar<\/li>\n\n\n\n<li class=\"translation-block\">Red nacional con m\u00e1s de 550,000 proveedores<\/li>\n\n\n\n<li>Herramientas digitales para gestionar beneficios, citas y recetas<\/li>\n\n\n\n<li>Soluciones personalizadas para peque\u00f1as, medianas y grandes empresas<\/li>\n\n\n\n<li>Programas de ahorro, administraci\u00f3n de beneficios y protecci\u00f3n contra reclamaciones de alto costo<\/li>\n<\/ul>\n\n\n\n<p>Disponible en los 50 estados de EE. UU<\/p>\n\n\n\n<div class=\"wp-block-buttons is-layout-flex wp-block-buttons-is-layout-flex\">\n<div class=\"wp-block-button is-style-primary\"><a class=\"wp-block-button__link wp-element-button\" href=\"https:\/\/www.cvshealth.com\/services\/health-insurance\/commercial-health-coverage.html\">Mas Informacion<\/a><\/div>\n<\/div>\n\n\n\n<p><\/p>\n\n\n\n<p><\/p>","protected":false},"excerpt":{"rendered":"<p>Aetna Commercial \u2013 Private health coverage for individuals and businesses Aetna Commercial Health Insurance, part of CVS Health, provides private health plans for individuals, families, students, hourly workers, and employer groups. Their goal is to deliver a complete, connected, and affordable healthcare experience tailored to each member\u2019s needs. What does it offer? Available in all&hellip;&nbsp;<a href=\"https:\/\/bestmedcenter.com\/es\/aetna-commercial\/\" rel=\"bookmark\"><span class=\"screen-reader-text\">Aetna Commercial<\/span><\/a><\/p>","protected":false},"author":1,"featured_media":0,"parent":0,"menu_order":0,"comment_status":"closed","ping_status":"closed","template":"","meta":{"neve_meta_sidebar":"","neve_meta_container":"","neve_meta_enable_content_width":"","neve_meta_content_width":0,"neve_meta_title_alignment":"","neve_meta_author_avatar":"","neve_post_elements_order":"","neve_meta_disable_header":"","neve_meta_disable_footer":"","neve_meta_disable_title":"","_themeisle_gutenberg_block_has_review":false,"_glsr_average":0,"_glsr_ranking":0,"_glsr_reviews":0,"footnotes":""},"class_list":["post-597","page","type-page","status-publish","hentry"],"yoast_head":"<!-- This site is optimized with the Yoast SEO plugin v26.8 - https:\/\/yoast.com\/product\/yoast-seo-wordpress\/ -->\n<title>Aetna Commercial - Best Medical Center<\/title>\n<meta name=\"robots\" content=\"index, follow, max-snippet:-1, max-image-preview:large, max-video-preview:-1\" \/>\n<link rel=\"canonical\" href=\"https:\/\/bestmedcenter.com\/es\/aetna-commercial\/\" \/>\n<meta property=\"og:locale\" content=\"es_ES\" \/>\n<meta property=\"og:type\" content=\"article\" \/>\n<meta property=\"og:title\" content=\"Aetna Commercial - Best Medical Center\" \/>\n<meta property=\"og:description\" content=\"Aetna Commercial \u2013 Private health coverage for individuals and businesses Aetna Commercial Health Insurance, part of CVS Health, provides private health plans for individuals, families, students, hourly workers, and employer groups. Their goal is to deliver a complete, connected, and affordable healthcare experience tailored to each member\u2019s needs. What does it offer? Available in all&hellip;&nbsp;Aetna Commercial\" \/>\n<meta property=\"og:url\" content=\"https:\/\/bestmedcenter.com\/es\/aetna-commercial\/\" \/>\n<meta property=\"og:site_name\" content=\"Best Medical Center\" \/>\n<meta property=\"article:modified_time\" content=\"2025-07-18T05:33:40+00:00\" \/>\n<meta property=\"og:image\" content=\"https:\/\/bestmedcenter.com\/wp-content\/uploads\/2025\/07\/aetna-commercial-1024x683.png\" \/>\n\t<meta property=\"og:image:width\" content=\"1024\" \/>\n\t<meta property=\"og:image:height\" content=\"683\" \/>\n\t<meta property=\"og:image:type\" content=\"image\/png\" \/>\n<meta name=\"twitter:card\" content=\"summary_large_image\" \/>\n<meta name=\"twitter:label1\" content=\"Tiempo de lectura\" \/>\n\t<meta name=\"twitter:data1\" content=\"1 minuto\" \/>\n<script type=\"application\/ld+json\" class=\"yoast-schema-graph\">{\"@context\":\"https:\/\/schema.org\",\"@graph\":[{\"@type\":\"WebPage\",\"@id\":\"https:\/\/bestmedcenter.com\/aetna-commercial\/\",\"url\":\"https:\/\/bestmedcenter.com\/aetna-commercial\/\",\"name\":\"Aetna Commercial - Best Medical Center\",\"isPartOf\":{\"@id\":\"https:\/\/bestmedcenter.com\/#website\"},\"primaryImageOfPage\":{\"@id\":\"https:\/\/bestmedcenter.com\/aetna-commercial\/#primaryimage\"},\"image\":{\"@id\":\"https:\/\/bestmedcenter.com\/aetna-commercial\/#primaryimage\"},\"thumbnailUrl\":\"https:\/\/bestmedcenter.com\/wp-content\/uploads\/2025\/07\/aetna-commercial-1024x683.png\",\"datePublished\":\"2025-07-18T05:27:46+00:00\",\"dateModified\":\"2025-07-18T05:33:40+00:00\",\"breadcrumb\":{\"@id\":\"https:\/\/bestmedcenter.com\/aetna-commercial\/#breadcrumb\"},\"inLanguage\":\"es\",\"potentialAction\":[{\"@type\":\"ReadAction\",\"target\":[\"https:\/\/bestmedcenter.com\/aetna-commercial\/\"]}]},{\"@type\":\"ImageObject\",\"inLanguage\":\"es\",\"@id\":\"https:\/\/bestmedcenter.com\/aetna-commercial\/#primaryimage\",\"url\":\"https:\/\/bestmedcenter.com\/wp-content\/uploads\/2025\/07\/aetna-commercial-1024x683.png\",\"contentUrl\":\"https:\/\/bestmedcenter.com\/wp-content\/uploads\/2025\/07\/aetna-commercial-1024x683.png\"},{\"@type\":\"BreadcrumbList\",\"@id\":\"https:\/\/bestmedcenter.com\/aetna-commercial\/#breadcrumb\",\"itemListElement\":[{\"@type\":\"ListItem\",\"position\":1,\"name\":\"Home\",\"item\":\"https:\/\/bestmedcenter.com\/\"},{\"@type\":\"ListItem\",\"position\":2,\"name\":\"Aetna Commercial\"}]},{\"@type\":\"WebSite\",\"@id\":\"https:\/\/bestmedcenter.com\/#website\",\"url\":\"https:\/\/bestmedcenter.com\/\",\"name\":\"Best Medical Center\",\"description\":\"\",\"potentialAction\":[{\"@type\":\"SearchAction\",\"target\":{\"@type\":\"EntryPoint\",\"urlTemplate\":\"https:\/\/bestmedcenter.com\/?s={search_term_string}\"},\"query-input\":{\"@type\":\"PropertyValueSpecification\",\"valueRequired\":true,\"valueName\":\"search_term_string\"}}],\"inLanguage\":\"es\"}]}<\/script>\n<!-- \/ Yoast SEO plugin. -->","yoast_head_json":{"title":"Aetna Commercial - Best Medical Center","robots":{"index":"index","follow":"follow","max-snippet":"max-snippet:-1","max-image-preview":"max-image-preview:large","max-video-preview":"max-video-preview:-1"},"canonical":"https:\/\/bestmedcenter.com\/es\/aetna-commercial\/","og_locale":"es_ES","og_type":"article","og_title":"Aetna Commercial - Best Medical Center","og_description":"Aetna Commercial \u2013 Private health coverage for individuals and businesses Aetna Commercial Health Insurance, part of CVS Health, provides private health plans for individuals, families, students, hourly workers, and employer groups. Their goal is to deliver a complete, connected, and affordable healthcare experience tailored to each member\u2019s needs. What does it offer? Available in all&hellip;&nbsp;Aetna Commercial","og_url":"https:\/\/bestmedcenter.com\/es\/aetna-commercial\/","og_site_name":"Best Medical Center","article_modified_time":"2025-07-18T05:33:40+00:00","og_image":[{"width":1024,"height":683,"url":"https:\/\/bestmedcenter.com\/wp-content\/uploads\/2025\/07\/aetna-commercial-1024x683.png","type":"image\/png"}],"twitter_card":"summary_large_image","twitter_misc":{"Tiempo de lectura":"1 minuto"},"schema":{"@context":"https:\/\/schema.org","@graph":[{"@type":"WebPage","@id":"https:\/\/bestmedcenter.com\/aetna-commercial\/","url":"https:\/\/bestmedcenter.com\/aetna-commercial\/","name":"Aetna Commercial - Best Medical Center","isPartOf":{"@id":"https:\/\/bestmedcenter.com\/#website"},"primaryImageOfPage":{"@id":"https:\/\/bestmedcenter.com\/aetna-commercial\/#primaryimage"},"image":{"@id":"https:\/\/bestmedcenter.com\/aetna-commercial\/#primaryimage"},"thumbnailUrl":"https:\/\/bestmedcenter.com\/wp-content\/uploads\/2025\/07\/aetna-commercial-1024x683.png","datePublished":"2025-07-18T05:27:46+00:00","dateModified":"2025-07-18T05:33:40+00:00","breadcrumb":{"@id":"https:\/\/bestmedcenter.com\/aetna-commercial\/#breadcrumb"},"inLanguage":"es","potentialAction":[{"@type":"ReadAction","target":["https:\/\/bestmedcenter.com\/aetna-commercial\/"]}]},{"@type":"ImageObject","inLanguage":"es","@id":"https:\/\/bestmedcenter.com\/aetna-commercial\/#primaryimage","url":"https:\/\/bestmedcenter.com\/wp-content\/uploads\/2025\/07\/aetna-commercial-1024x683.png","contentUrl":"https:\/\/bestmedcenter.com\/wp-content\/uploads\/2025\/07\/aetna-commercial-1024x683.png"},{"@type":"BreadcrumbList","@id":"https:\/\/bestmedcenter.com\/aetna-commercial\/#breadcrumb","itemListElement":[{"@type":"ListItem","position":1,"name":"Home","item":"https:\/\/bestmedcenter.com\/"},{"@type":"ListItem","position":2,"name":"Aetna Commercial"}]},{"@type":"WebSite","@id":"https:\/\/bestmedcenter.com\/#website","url":"https:\/\/bestmedcenter.com\/","name":"Best Medical Center","description":"","potentialAction":[{"@type":"SearchAction","target":{"@type":"EntryPoint","urlTemplate":"https:\/\/bestmedcenter.com\/?s={search_term_string}"},"query-input":{"@type":"PropertyValueSpecification","valueRequired":true,"valueName":"search_term_string"}}],"inLanguage":"es"}]}},"_links":{"self":[{"href":"https:\/\/bestmedcenter.com\/es\/wp-json\/wp\/v2\/pages\/597","targetHints":{"allow":["GET"]}}],"collection":[{"href":"https:\/\/bestmedcenter.com\/es\/wp-json\/wp\/v2\/pages"}],"about":[{"href":"https:\/\/bestmedcenter.com\/es\/wp-json\/wp\/v2\/types\/page"}],"author":[{"embeddable":true,"href":"https:\/\/bestmedcenter.com\/es\/wp-json\/wp\/v2\/users\/1"}],"replies":[{"embeddable":true,"href":"https:\/\/bestmedcenter.com\/es\/wp-json\/wp\/v2\/comments?post=597"}],"version-history":[{"count":2,"href":"https:\/\/bestmedcenter.com\/es\/wp-json\/wp\/v2\/pages\/597\/revisions"}],"predecessor-version":[{"id":602,"href":"https:\/\/bestmedcenter.com\/es\/wp-json\/wp\/v2\/pages\/597\/revisions\/602"}],"wp:attachment":[{"href":"https:\/\/bestmedcenter.com\/es\/wp-json\/wp\/v2\/media?parent=597"}],"curies":[{"name":"wp","href":"https:\/\/api.w.org\/{rel}","templated":true}]}}